{"id":827,"date":"2017-05-10T12:21:21","date_gmt":"2017-05-10T10:21:21","guid":{"rendered":"http:\/\/168920-www.web.tornado-node.net\/renholdssoner\/kontakt-oss-2\/"},"modified":"2024-03-05T14:04:33","modified_gmt":"2024-03-05T13:04:33","slug":"kontakta-oss","status":"publish","type":"page","link":"https:\/\/n3.se\/n3zones\/kontakta-oss\/","title":{"rendered":"Kontakta oss"},"content":{"rendered":"<p>[vc_row el_class=&#8221;smallcontainer&#8221;][vc_column][vc_column_text]<\/p>\n<h1 style=\"text-align: center;\">Kontakta oss<\/h1>\n<h4>Vi har dig som kund i fokus. Det inneb\u00e4r att du kommer att uppleva kvaliteten p\u00e5 alla niv\u00e5er och att vi h\u00e5ller vad vi lovar.<\/h4>\n<p>[\/vc_column_text][\/vc_column][\/vc_row][vc_row el_class=&#8221;smallcontainer&#8221;][vc_column][vc_column_text]<\/p>\n<h1 style=\"text-align: center;\"><\/h1>\n<h4 style=\"text-align: center;\">Vi har \u00f6ver 25 \u00e5rs erfarenhet inom f\u00f6rs\u00e4ljning och kundservice.<\/h4>\n<p>[\/vc_column_text][\/vc_column][\/vc_row][vc_row][vc_column][vc_column_text]<div class='container kontaktpersoner'><div class='row'><div class='col-md-6 kontaktperson hide_on_mobile'><div class='col-md-4'><img class='img-responsive' src='https:\/\/n3.se\/wp-content\/uploads\/sites\/7\/2017\/05\/dag.png'><\/div><div class='col-md-8'><h6>Dag Hognerud<\/h6><p>Group CCO<br><b>T: <\/b>+47 98 28 61 51<br><b>E: <\/b><a href='mailto:dh@n3.no'>dh@n3.no<\/a><\/p><\/div><\/div><div class=' hide_on_desktop vc_toggle vc_toggle_round vc_toggle_color_default  vc_toggle_size_md'><div class='vc_toggle_title'><h4>Dag Hognerud<\/h4><i class='vc_toggle_icon'><\/i><\/div><div class='vc_toggle_content'><div class='col-md-12 kontaktperson'><div class='col-md-4'><img class='img-responsive' src='https:\/\/n3.se\/wp-content\/uploads\/sites\/7\/2017\/05\/dag.png'><\/div><div class='col-md-8'><p>Group CCO<br><b>T: <\/b>+47 98 28 61 51<br><b>E: <\/b><a href='mailto:dh@n3.no'>dh@n3.no<\/a><\/p><\/div><\/div><\/div><\/div><div class='col-md-6 kontaktperson hide_on_mobile'><div class='col-md-4'><img class='img-responsive' src='https:\/\/n3.se\/wp-content\/uploads\/sites\/7\/2021\/03\/Marius-Gareid2.png'><\/div><div class='col-md-8'><h6>Marius Gareid<\/h6><p>Group CEO<br><b>T: <\/b>+47 93 21 98 37\u202c<br><b>E: <\/b><a href='mailto:mg@n3.no'>mg@n3.no<\/a><\/p><\/div><\/div><div class=' hide_on_desktop vc_toggle vc_toggle_round vc_toggle_color_default  vc_toggle_size_md'><div class='vc_toggle_title'><h4>Marius Gareid<\/h4><i class='vc_toggle_icon'><\/i><\/div><div class='vc_toggle_content'><div class='col-md-12 kontaktperson'><div class='col-md-4'><img class='img-responsive' src='https:\/\/n3.se\/wp-content\/uploads\/sites\/7\/2021\/03\/Marius-Gareid2.png'><\/div><div class='col-md-8'><p>Group CEO<br><b>T: <\/b>+47 93 21 98 37\u202c<br><b>E: <\/b><a href='mailto:mg@n3.no'>mg@n3.no<\/a><\/p><\/div><\/div><\/div><\/div><div class='col-md-6 kontaktperson hide_on_mobile'><div class='col-md-4'><img class='img-responsive' src='https:\/\/n3.se\/wp-content\/uploads\/sites\/7\/2017\/05\/Erik-Hedin-N3-e1662027735734.png'><\/div><div class='col-md-8'><h6>Erik Hedin<\/h6><p>Country Manager, Sales<br><b>T: <\/b>070-721 86 51<br><b>E: <\/b><a href='mailto:eh@n3.se'>eh@n3.se<\/a><\/p><\/div><\/div><div class=' hide_on_desktop vc_toggle vc_toggle_round vc_toggle_color_default  vc_toggle_size_md'><div class='vc_toggle_title'><h4>Erik Hedin<\/h4><i class='vc_toggle_icon'><\/i><\/div><div class='vc_toggle_content'><div class='col-md-12 kontaktperson'><div class='col-md-4'><img class='img-responsive' src='https:\/\/n3.se\/wp-content\/uploads\/sites\/7\/2017\/05\/Erik-Hedin-N3-e1662027735734.png'><\/div><div class='col-md-8'><p>Country Manager, Sales<br><b>T: <\/b>070-721 86 51<br><b>E: <\/b><a href='mailto:eh@n3.se'>eh@n3.se<\/a><\/p><\/div><\/div><\/div><\/div><div class='col-md-6 kontaktperson hide_on_mobile'><div class='col-md-4'><img class='img-responsive' src='https:\/\/n3.se\/wp-content\/uploads\/sites\/7\/2017\/05\/Mikael-1.png'><\/div><div class='col-md-8'><h6>Mikael B\u00e4ck<\/h6><p>VD N3 Sverige AB & H\u00e5llbarhetschef<br><b>T: <\/b>+47 93 87 56 70<br><b>E: <\/b><a href='mailto:mb@n3.no'>mb@n3.no<\/a><\/p><\/div><\/div><div class=' hide_on_desktop vc_toggle vc_toggle_round vc_toggle_color_default  vc_toggle_size_md'><div class='vc_toggle_title'><h4>Mikael B\u00e4ck<\/h4><i class='vc_toggle_icon'><\/i><\/div><div class='vc_toggle_content'><div class='col-md-12 kontaktperson'><div class='col-md-4'><img class='img-responsive' src='https:\/\/n3.se\/wp-content\/uploads\/sites\/7\/2017\/05\/Mikael-1.png'><\/div><div class='col-md-8'><p>VD N3 Sverige AB & H\u00e5llbarhetschef<br><b>T: <\/b>+47 93 87 56 70<br><b>E: <\/b><a href='mailto:mb@n3.no'>mb@n3.no<\/a><\/p><\/div><\/div><\/div><\/div><div class='col-md-6 kontaktperson hide_on_mobile'><div class='col-md-4'><img class='img-responsive' src='https:\/\/n3.se\/wp-content\/uploads\/sites\/7\/2021\/03\/Victor2-e1725006369365.png'><\/div><div class='col-md-8'><h6>Victor Malmstedt<\/h6><p>Driftschef<br><b>T: <\/b>+47 45 11 95 60<br><b>E: <\/b><a href='mailto:vm@n3.no'>vm@n3.no<\/a><\/p><\/div><\/div><div class=' hide_on_desktop vc_toggle vc_toggle_round vc_toggle_color_default  vc_toggle_size_md'><div class='vc_toggle_title'><h4>Victor Malmstedt<\/h4><i class='vc_toggle_icon'><\/i><\/div><div class='vc_toggle_content'><div class='col-md-12 kontaktperson'><div class='col-md-4'><img class='img-responsive' src='https:\/\/n3.se\/wp-content\/uploads\/sites\/7\/2021\/03\/Victor2-e1725006369365.png'><\/div><div class='col-md-8'><p>Driftschef<br><b>T: <\/b>+47 45 11 95 60<br><b>E: <\/b><a href='mailto:vm@n3.no'>vm@n3.no<\/a><\/p><\/div><\/div><\/div><\/div><div class='col-md-6 kontaktperson hide_on_mobile'><div class='col-md-4'><img class='img-responsive' src='https:\/\/n3.se\/wp-content\/uploads\/sites\/7\/2017\/05\/Marianne-J-e1705055956885.png'><\/div><div class='col-md-8'><h6>Marianne Jonasson<\/h6><p>Key Account Manager<br><b>T: <\/b>070-211 64 04<br><b>E: <\/b><a href='mailto:mj@n3.se'>mj@n3.se<\/a><\/p><\/div><\/div><div class=' hide_on_desktop vc_toggle vc_toggle_round vc_toggle_color_default  vc_toggle_size_md'><div class='vc_toggle_title'><h4>Marianne Jonasson<\/h4><i class='vc_toggle_icon'><\/i><\/div><div class='vc_toggle_content'><div class='col-md-12 kontaktperson'><div class='col-md-4'><img class='img-responsive' src='https:\/\/n3.se\/wp-content\/uploads\/sites\/7\/2017\/05\/Marianne-J-e1705055956885.png'><\/div><div class='col-md-8'><p>Key Account Manager<br><b>T: <\/b>070-211 64 04<br><b>E: <\/b><a href='mailto:mj@n3.se'>mj@n3.se<\/a><\/p><\/div><\/div><\/div><\/div><div class='col-md-6 kontaktperson hide_on_mobile'><div class='col-md-4'><img class='img-responsive' src='https:\/\/n3.se\/wp-content\/uploads\/sites\/7\/2017\/05\/Untitled-1.png'><\/div><div class='col-md-8'><h6>Stefan Andersson<\/h6><p>Kundansvarig \/ Certifierad golvl\u00e4ggare<br><b>T: <\/b>076-105 83 75<br><b>E: <\/b><a href='mailto:sa@n3.se'>sa@n3.se<\/a><\/p><\/div><\/div><div class=' hide_on_desktop vc_toggle vc_toggle_round vc_toggle_color_default  vc_toggle_size_md'><div class='vc_toggle_title'><h4>Stefan Andersson<\/h4><i class='vc_toggle_icon'><\/i><\/div><div class='vc_toggle_content'><div class='col-md-12 kontaktperson'><div class='col-md-4'><img class='img-responsive' src='https:\/\/n3.se\/wp-content\/uploads\/sites\/7\/2017\/05\/Untitled-1.png'><\/div><div class='col-md-8'><p>Kundansvarig \/ Certifierad golvl\u00e4ggare<br><b>T: <\/b>076-105 83 75<br><b>E: <\/b><a href='mailto:sa@n3.se'>sa@n3.se<\/a><\/p><\/div><\/div><\/div><\/div><\/div><\/div>[\/vc_column_text][\/vc_column][\/vc_row][vc_row el_class=&#8221;container&#8221;][vc_column width=&#8221;1\/2&#8243;][\/vc_column][\/vc_row][vc_row el_class=&#8221;container&#8221;][vc_column][vc_column_text]<span style=\"color: #999999;\"><span class=\"\">N\u00e5gra profilbilder \u00e4r tagna av Robert Hammar 2016-20<\/span><span class=\"\">17.<\/span><\/span>[\/vc_column_text][\/vc_column][\/vc_row][vc_row][vc_column][vc_empty_space height=&#8221;50&#8243;][\/vc_column][\/vc_row][vc_row el_class=&#8221;form kontakt&#8221;][vc_column][vc_row_inner el_class=&#8221;container&#8221;][vc_column_inner]\n<div class=\"wpcf7 no-js\" id=\"wpcf7-f835-o1\" lang=\"nb-NO\" dir=\"ltr\">\n<div class=\"screen-reader-response\"><p role=\"status\" aria-live=\"polite\" aria-atomic=\"true\"><\/p> <ul><\/ul><\/div>\n<form action=\"\/n3zones\/wp-json\/wp\/v2\/pages\/827#wpcf7-f835-o1\" method=\"post\" class=\"wpcf7-form init\" aria-label=\"Kontaktskjema\" novalidate=\"novalidate\" data-status=\"init\">\n<div style=\"display: none;\">\n<input type=\"hidden\" name=\"_wpcf7\" value=\"835\" \/>\n<input type=\"hidden\" name=\"_wpcf7_version\" value=\"5.8\" \/>\n<input type=\"hidden\" name=\"_wpcf7_locale\" value=\"nb_NO\" \/>\n<input type=\"hidden\" name=\"_wpcf7_unit_tag\" value=\"wpcf7-f835-o1\" \/>\n<input type=\"hidden\" name=\"_wpcf7_container_post\" value=\"0\" \/>\n<input type=\"hidden\" name=\"_wpcf7_posted_data_hash\" value=\"\" \/>\n<input type=\"hidden\" name=\"_wpcf7_recaptcha_response\" value=\"\" \/>\n<\/div>\n<h2>Kontakta oss\n<\/h2>\n<div class=\"row\">\n\t<div class=\"col-md-6  form-group\">\n\t\t<p><span class=\"wpcf7-form-control-wrap\" data-name=\"navn\"><input size=\"40\" class=\"wpcf7-form-control wpcf7-text wpcf7-validates-as-required\" aria-required=\"true\" aria-invalid=\"false\" placeholder=\"Namn*\" value=\"\" type=\"text\" name=\"navn\" \/><\/span>\n\t\t<\/p>\n\t<\/div>\n\t<div class=\"col-md-6 form-group\">\n\t\t<p><span class=\"wpcf7-form-control-wrap\" data-name=\"telefon\"><input size=\"40\" class=\"wpcf7-form-control wpcf7-text wpcf7-validates-as-required\" aria-required=\"true\" aria-invalid=\"false\" placeholder=\"Telefon*\" value=\"\" type=\"text\" name=\"telefon\" \/><\/span>\n\t\t<\/p>\n\t<\/div>\n\t<div class=\"col-md-6  form-group\">\n\t\t<p><span class=\"wpcf7-form-control-wrap\" data-name=\"epost\"><input size=\"40\" class=\"wpcf7-form-control wpcf7-email wpcf7-validates-as-required wpcf7-text wpcf7-validates-as-email\" aria-required=\"true\" aria-invalid=\"false\" placeholder=\"E-post*\" value=\"\" type=\"email\" name=\"epost\" \/><\/span>\n\t\t<\/p>\n\t<\/div>\n\t<div class=\"col-md-6 form-group\">\n\t\t<p><span class=\"wpcf7-form-control-wrap\" data-name=\"Firma\"><input size=\"40\" class=\"wpcf7-form-control wpcf7-text wpcf7-validates-as-required\" aria-required=\"true\" aria-invalid=\"false\" placeholder=\"Verksamhet*\" value=\"\" type=\"text\" name=\"Firma\" \/><\/span>\n\t\t<\/p>\n\t<\/div>\n\t<div class=\"col-md-12 form-group\">\n\t\t<p><span class=\"wpcf7-form-control-wrap\" data-name=\"melding\"><textarea cols=\"40\" rows=\"10\" class=\"wpcf7-form-control wpcf7-textarea\" aria-invalid=\"false\" placeholder=\"Jag undrar...*\" name=\"melding\"><\/textarea><\/span>\n\t\t<\/p>\n\t<\/div>\n\t<div class=\"col-md-10 form-group\">\n\t\t<p><span class=\"wpcf7-form-control-wrap\" data-name=\"nyhetsbrev\"><span class=\"wpcf7-form-control wpcf7-checkbox\"><span class=\"wpcf7-list-item first last\"><input type=\"checkbox\" name=\"nyhetsbrev[]\" value=\"Jag \u00f6nskar nyhetsbrev och inbjudningar till seminarier fr\u00e5n N3.\" \/><span class=\"wpcf7-list-item-label\">Jag \u00f6nskar nyhetsbrev och inbjudningar till seminarier fr\u00e5n N3.<\/span><\/span><\/span><\/span>\n\t\t<\/p>\n\t<\/div>\n\t<div class=\"col-md-2 form-group\">\n\t\t<p><button class=\"button\" type=\"submit\">Skicka <\/button>\n\t\t<\/p>\n\t<\/div>\n<\/div><div class=\"wpcf7-response-output\" aria-hidden=\"true\"><\/div>\n<\/form>\n<\/div>\n[\/vc_column_inner][\/vc_row_inner][\/vc_column][\/vc_row]<\/p>\n","protected":false},"excerpt":{"rendered":"<p>[vc_row el_class=&#8221;smallcontainer&#8221;][vc_column][vc_column_text] Kontakta oss Vi har dig som kund i fokus. Det inneb\u00e4r att du kommer att uppleva kvaliteten p\u00e5 alla niv\u00e5er [&hellip;]<\/p>\n","protected":false},"author":1,"featured_media":0,"parent":0,"menu_order":10,"comment_status":"closed","ping_status":"closed","template":"ingen-header.php","meta":{"_crosspost_to_1":false,"_crosspost_to_5":false,"_crosspost_to_15":false,"footnotes":""},"class_list":["post-827","page","type-page","status-publish","hentry"],"acf":[],"_links":{"self":[{"href":"https:\/\/n3.se\/n3zones\/wp-json\/wp\/v2\/pages\/827","targetHints":{"allow":["GET"]}}],"collection":[{"href":"https:\/\/n3.se\/n3zones\/wp-json\/wp\/v2\/pages"}],"about":[{"href":"https:\/\/n3.se\/n3zones\/wp-json\/wp\/v2\/types\/page"}],"author":[{"embeddable":true,"href":"https:\/\/n3.se\/n3zones\/wp-json\/wp\/v2\/users\/1"}],"replies":[{"embeddable":true,"href":"https:\/\/n3.se\/n3zones\/wp-json\/wp\/v2\/comments?post=827"}],"version-history":[{"count":0,"href":"https:\/\/n3.se\/n3zones\/wp-json\/wp\/v2\/pages\/827\/revisions"}],"wp:attachment":[{"href":"https:\/\/n3.se\/n3zones\/wp-json\/wp\/v2\/media?parent=827"}],"curies":[{"name":"wp","href":"https:\/\/api.w.org\/{rel}","templated":true}]}}