{"id":821,"date":"2017-05-10T12:19:21","date_gmt":"2017-05-10T10:19:35","guid":{"rendered":"http:\/\/168920-www.web.tornado-node.net\/renholdssoner\/byggtyper\/kontor-naeringsbygg-2\/"},"modified":"2024-03-05T16:01:36","modified_gmt":"2024-03-05T15:01:36","slug":"komersiella-fastigheter","status":"publish","type":"page","link":"https:\/\/n3.se\/n3zones\/byggnadstyper\/komersiella-fastigheter\/","title":{"rendered":"Kommersiella fastigheter"},"content":{"rendered":"<p>[vc_row][vc_column][vc_column_text el_class=&#8221;smallcontainer knapp&#8221;]<\/p>\n<h1 style=\"text-align: center;\">Kommersiella fastigheter<\/h1>\n<h4>N3zones \u00e4r ett fastmonterat mattsystem, vilket inneb\u00e4r skr\u00e4ddarsydda l\u00f6sningar. Systemet stoppar, kontrollerar och avl\u00e4gsnar smuts samt vatten redan vid entr\u00e9n, vilket annars kommer in i fastigheten. N3zones best\u00e5r av olika element, men verkar kunden som enda komplett och som h\u00e5ller vad den lovar.<\/h4>\n<h3>Vad vi g\u00f6r<\/h3>\n<p>N\u00e4r vi tr\u00e4ffar kunden och ser dess behov startar processen f\u00f6r att ge kunden den b\u00e4sta l\u00f6sningen f\u00f6r hennes eller hans byggnad. Syftet \u00e4r att l\u00f6sa problemen med fukt och smuts som dras in och skapar d\u00e5ligt inomhusklimat och vantrivsel. Genom att installera N3zones upplever kunderna att vi l\u00f6ser deras utmaningar. Dessutom m\u00e4rks det stor skillnad n\u00e4r det g\u00e4ller dammt\u00e4ckningsgrad och dammniv\u00e5. N3zones bidrar ocks\u00e5 till b\u00e4ttre st\u00e4dekonomi och h\u00f6gre kvalitet p\u00e5 st\u00e4dningen.<\/p>\n<p>Som marknadsledare med \u00f6ver 25 \u00e5rs erfarenhet och \u00f6ver 29 000 installationer g\u00f6r vi det som vi kan b\u00e4sta: att stoppa s\u00e5 mycket fukt och smuts som m\u00f6jligt. Kombinerat med v\u00e5ra erfarenheter, kompetenser och tillv\u00e4gag\u00e5ngss\u00e4tt kan vi erbjuda v\u00e5ra kunder de b\u00e4sta l\u00f6sningarna f\u00f6r deras byggnader.<\/p>\n<p>N3 erh\u00e5ller st\u00e4mpeln &#8221;Vi samarbetar med Astma- och Allergif\u00f6rbundet&#8221; f\u00f6r sina innovativa system N3zones &amp; N3smart.[\/vc_column_text][\/vc_column][\/vc_row][vc_row css=&#8221;.vc_custom_1592303304048{padding-bottom: 70px !important;background-image: url(https:\/\/n3zonesgroup.se\/n3zones\/wp-content\/uploads\/sites\/7\/2017\/05\/Kjopesenter_naeringsbygg_2.jpg?id=1316) !important;background-position: center !important;background-repeat: no-repeat !important;background-size: cover !important;}&#8221;][vc_column][vc_row_inner el_class=&#8221;container form bildeskjema&#8221;][vc_column_inner]\n<div class=\"wpcf7 no-js\" id=\"wpcf7-f834-o1\" lang=\"nb-NO\" dir=\"ltr\">\n<div class=\"screen-reader-response\"><p role=\"status\" aria-live=\"polite\" aria-atomic=\"true\"><\/p> <ul><\/ul><\/div>\n<form action=\"\/n3zones\/wp-json\/wp\/v2\/pages\/821#wpcf7-f834-o1\" method=\"post\" class=\"wpcf7-form init\" aria-label=\"Kontaktskjema\" novalidate=\"novalidate\" data-status=\"init\">\n<div style=\"display: none;\">\n<input type=\"hidden\" name=\"_wpcf7\" value=\"834\" \/>\n<input type=\"hidden\" name=\"_wpcf7_version\" value=\"5.8\" \/>\n<input type=\"hidden\" name=\"_wpcf7_locale\" value=\"nb_NO\" \/>\n<input type=\"hidden\" name=\"_wpcf7_unit_tag\" value=\"wpcf7-f834-o1\" \/>\n<input type=\"hidden\" name=\"_wpcf7_container_post\" value=\"0\" \/>\n<input type=\"hidden\" name=\"_wpcf7_posted_data_hash\" value=\"\" \/>\n<input type=\"hidden\" name=\"_wpcf7_recaptcha_response\" value=\"\" \/>\n<\/div>\n<h2>F\u00e5 erbjudande!\n<\/h2>\n<h4>Fyll i formul\u00e4ret och vi kommer omg\u00e5ende att kontakta dig.\n<\/h4>\n<div class=\"row\">\n\t<div class=\"col-md-6  form-group\">\n\t\t<p><span class=\"wpcf7-form-control-wrap\" data-name=\"navn\"><input size=\"40\" class=\"wpcf7-form-control wpcf7-text wpcf7-validates-as-required\" aria-required=\"true\" aria-invalid=\"false\" placeholder=\"Namn*\" value=\"\" type=\"text\" name=\"navn\" \/><\/span>\n\t\t<\/p>\n\t<\/div>\n\t<div class=\"col-md-6 form-group\">\n\t\t<p><span class=\"wpcf7-form-control-wrap\" data-name=\"firma\"><input size=\"40\" class=\"wpcf7-form-control wpcf7-text wpcf7-validates-as-required\" aria-required=\"true\" aria-invalid=\"false\" placeholder=\"Verksamhet*\" value=\"\" type=\"text\" name=\"firma\" \/><\/span>\n\t\t<\/p>\n\t<\/div>\n\t<div class=\"col-md-6  form-group\">\n\t\t<p><span class=\"wpcf7-form-control-wrap\" data-name=\"epost\"><input size=\"40\" class=\"wpcf7-form-control wpcf7-email wpcf7-validates-as-required wpcf7-text wpcf7-validates-as-email\" aria-required=\"true\" aria-invalid=\"false\" placeholder=\"E-post*\" value=\"\" type=\"email\" name=\"epost\" \/><\/span>\n\t\t<\/p>\n\t<\/div>\n\t<div class=\"col-md-6 form-group\">\n\t\t<p><span class=\"wpcf7-form-control-wrap\" data-name=\"telefon\"><input size=\"40\" class=\"wpcf7-form-control wpcf7-text wpcf7-validates-as-required\" aria-required=\"true\" aria-invalid=\"false\" placeholder=\"Telefon*\" value=\"\" type=\"text\" name=\"telefon\" \/><\/span>\n\t\t<\/p>\n\t<\/div>\n\t<p><button class=\"button\" type=\"submit\">Skicka <\/button>\n\t<\/p>\n<\/div><div class=\"wpcf7-response-output\" aria-hidden=\"true\"><\/div>\n<\/form>\n<\/div>\n[\/vc_column_inner][\/vc_row_inner][\/vc_column][\/vc_row]<\/p>\n","protected":false},"excerpt":{"rendered":"<p>[vc_row][vc_column][vc_column_text el_class=&#8221;smallcontainer knapp&#8221;] Kommersiella fastigheter N3zones \u00e4r ett fastmonterat mattsystem, vilket inneb\u00e4r skr\u00e4ddarsydda l\u00f6sningar. Systemet stoppar, kontrollerar och avl\u00e4gsnar smuts samt vatten [&hellip;]<\/p>\n","protected":false},"author":1,"featured_media":1313,"parent":809,"menu_order":0,"comment_status":"closed","ping_status":"closed","template":"","meta":{"_crosspost_to_1":false,"_crosspost_to_5":false,"_crosspost_to_15":false,"footnotes":""},"class_list":["post-821","page","type-page","status-publish","hentry"],"acf":[],"_links":{"self":[{"href":"https:\/\/n3.se\/n3zones\/wp-json\/wp\/v2\/pages\/821","targetHints":{"allow":["GET"]}}],"collection":[{"href":"https:\/\/n3.se\/n3zones\/wp-json\/wp\/v2\/pages"}],"about":[{"href":"https:\/\/n3.se\/n3zones\/wp-json\/wp\/v2\/types\/page"}],"author":[{"embeddable":true,"href":"https:\/\/n3.se\/n3zones\/wp-json\/wp\/v2\/users\/1"}],"replies":[{"embeddable":true,"href":"https:\/\/n3.se\/n3zones\/wp-json\/wp\/v2\/comments?post=821"}],"version-history":[{"count":0,"href":"https:\/\/n3.se\/n3zones\/wp-json\/wp\/v2\/pages\/821\/revisions"}],"up":[{"embeddable":true,"href":"https:\/\/n3.se\/n3zones\/wp-json\/wp\/v2\/pages\/809"}],"wp:featuredmedia":[{"embeddable":true,"href":"https:\/\/n3.se\/n3zones\/wp-json\/wp\/v2\/media\/1313"}],"wp:attachment":[{"href":"https:\/\/n3.se\/n3zones\/wp-json\/wp\/v2\/media?parent=821"}],"curies":[{"name":"wp","href":"https:\/\/api.w.org\/{rel}","templated":true}]}}