{"id":813,"date":"2017-05-10T12:18:21","date_gmt":"2017-05-10T10:18:10","guid":{"rendered":"http:\/\/168920-www.web.tornado-node.net\/renholdssoner\/byggtyper\/barnehager-2\/"},"modified":"2024-03-05T15:56:48","modified_gmt":"2024-03-05T14:56:48","slug":"forskolor","status":"publish","type":"page","link":"https:\/\/n3.se\/n3zones\/byggnadstyper\/forskolor\/","title":{"rendered":"F\u00f6rskolor"},"content":{"rendered":"<p>[vc_row][vc_column][vc_column_text el_class=&#8221;smallcontainer knapp&#8221;]<\/p>\n<h1 style=\"text-align: center;\">F\u00f6rskolor<\/h1>\n<h4>N3zones \u00e4r ett fastmonterat mattsystem, vilket inneb\u00e4r skr\u00e4ddarsydda l\u00f6sningar. Systemet stoppar, kontrollerar och avl\u00e4gsnar smuts samt vatten redan vid entr\u00e9n, vilket annars kommer in i fastigheten. N3zones best\u00e5r av olika element, men upplevs av kunden som ett enda komplett system och som h\u00e5ller vad det lovar.<\/h4>\n<h3>Vad vi g\u00f6r<\/h3>\n<p>N\u00e4r vi tr\u00e4ffar kunden och ser dess behov startar processen f\u00f6r att ge kunden den b\u00e4sta l\u00f6sningen f\u00f6r hennes eller hans byggnad. Syftet \u00e4r att l\u00f6sa problemen med fukt och smuts som dras in och skapar d\u00e5ligt inomhusklimat och vantrivsel. Genom att installera N3zones upplever kunderna att vi l\u00f6ser deras utmaningar. Dessutom m\u00e4rks det stor skillnad n\u00e4r det g\u00e4ller dammt\u00e4ckningsgrad och dammniv\u00e5. N3zones bidrar ocks\u00e5 till b\u00e4ttre st\u00e4dekonomi och h\u00f6gre kvalitet p\u00e5 st\u00e4dningen.<\/p>\n<p>Som marknadsledare med \u00f6ver 25 \u00e5rs erfarenhet och \u00f6ver 29 000 installationer g\u00f6r vi det som vi kan b\u00e4sta: att stoppa s\u00e5 mycket fukt och smuts som m\u00f6jligt. Kombinerat med v\u00e5ra erfarenheter, kompetenser och tillv\u00e4gag\u00e5ngss\u00e4tt kan vi erbjuda v\u00e5ra kunder de b\u00e4sta l\u00f6sningarna f\u00f6r deras byggnader.<\/p>\n<p>N3 erh\u00e5ller st\u00e4mpeln &#8221;Vi samarbetar med Astma- och Allergif\u00f6rbundet&#8221; f\u00f6r sina innovativa system N3zones &amp; N3smart.<\/p>\n<p><a href=\"http:\/\/n3zonesgroup.se\/n3zones\/byggnadstyper\/forskolor\/#forskolor\">F\u00e5 erbjudande<\/a>[\/vc_column_text][vc_empty_space][vc_empty_space][\/vc_column][\/vc_row][vc_row el_class=&#8221;referanser grey&#8221;][vc_column el_class=&#8221;container&#8221;][vc_column_text css=&#8221;.vc_custom_1496147085688{padding-top: 70px !important;}&#8221;]<\/p>\n<h2 style=\"text-align: center;\">Referenser<\/h2>\n<p>[\/vc_column_text][vc_row_inner el_class=&#8221;container&#8221;][vc_column_inner width=&#8221;1\/3&#8243;][vc_single_image image=&#8221;907&#8243; img_size=&#8221;full&#8221;][vc_column_text]<\/p>\n<h3>V\u00e4rmd\u00f6viks F\u00f6rskola<\/h3>\n<p>&#8221;Vi \u00e4r mycket n\u00f6jda med resultaten men ser \u00e4ven flera pedagogiska vinster med N3zones d\u00e5 vi p\u00e5 V\u00e4rmd\u00f6viks f\u00f6rskola vill erbjuda barnen ett lustfyllt l\u00e4rande i en inbjudande milj\u00f6. Detta har blivit mycket l\u00e4ttare nu d\u00e5 barn och v\u00e5rdnadshavare kan g\u00e5 till sin hylla utan att beh\u00f6va stanna och tr\u00e4ngas vid skogr\u00e4nser som tidigare.\u201d<\/p>\n<p><strong>Lotta \u00d6sterman Eriksson<\/strong><br \/>\n<strong>F\u00f6rskolechef<\/strong>[\/vc_column_text][\/vc_column_inner][vc_column_inner width=&#8221;1\/3&#8243;][vc_single_image image=&#8221;907&#8243; img_size=&#8221;full&#8221;][vc_column_text]<\/p>\n<h3>F\u00f6rskolan Strandp\u00e4rlan<\/h3>\n<p>Reaktionerna fr\u00e5n b\u00e5de personal och f\u00f6r\u00e4ldrar har varit mycket positiva d\u00e5 ljudniv\u00e5n har g\u00e5tt ner samt att det har blivit v\u00e4ldigt trevligt i lokalerna. Kapprummen anv\u00e4nds nu \u00e4ven som lekomr\u00e5den vilket man inte gjorde f\u00f6re installationen. B\u00e5de Tyres\u00f6 Kommun och ledningen p\u00e5 f\u00f6rskolan har nu ocks\u00e5 sett f\u00f6rdelarna med hur bra N3zones systemet stoppar smuts samt vatten fr\u00e5n att komma in i fastigheten via entr\u00e9erna.[\/vc_column_text][\/vc_column_inner][vc_column_inner width=&#8221;1\/3&#8243;][vc_single_image image=&#8221;907&#8243; img_size=&#8221;full&#8221;][vc_column_text]<\/p>\n<h3>\u00d6sbydalens F\u00f6rskola<\/h3>\n<p>Vi installerade N3zones i v\u00e5ra entr\u00e9er inf\u00f6r den mest smutsiga och slaskiga perioden d.v.s. oktober-november 2015. D\u00e4r slask, v\u00e4ta och grus f\u00f6rut fastnade p\u00e5 alla strumpor och kl\u00e4der finns nu en matta som fixar det mesta och v\u00e5ra f\u00f6rhoppningar om en renare innemilj\u00f6 blev besannade med r\u00e5ge.<\/p>\n<p>Vi har f\u00e5tt trivsammare hallar och mindre grus och smuts inne i lokalerna. Vi har ocks\u00e5 s\u00e4nkt v\u00e5r bullerniv\u00e5 och barnen anv\u00e4nder hallen idag som en ny lekyta. Vi \u00e4r som ni f\u00f6rst\u00e5r supern\u00f6jda och kan rekommendera N3zones till alla!<\/p>\n<p><strong>Anna Bjers Giles<\/strong><br \/>\n<strong>F\u00f6rskolechef<\/strong>[\/vc_column_text][\/vc_column_inner][\/vc_row_inner][vc_column_text el_id=&#8221;forskolor&#8221; el_class=&#8221;anker&#8221;][\/vc_column_text][\/vc_column][\/vc_row][vc_row css=&#8221;.vc_custom_1506509478147{padding-bottom: 70px !important;background-image: url(https:\/\/n3zonesgroup.se\/n3zones\/wp-content\/uploads\/sites\/7\/2017\/04\/tog_bakgrunn.png?id=406) !important;background-position: center !important;background-repeat: no-repeat !important;background-size: cover !important;}&#8221;][vc_column][vc_row_inner el_class=&#8221;container form bildeskjema&#8221;][vc_column_inner]\n<div class=\"wpcf7 no-js\" id=\"wpcf7-f834-o1\" lang=\"nb-NO\" dir=\"ltr\">\n<div class=\"screen-reader-response\"><p role=\"status\" aria-live=\"polite\" aria-atomic=\"true\"><\/p> <ul><\/ul><\/div>\n<form action=\"\/n3zones\/wp-json\/wp\/v2\/pages\/813#wpcf7-f834-o1\" method=\"post\" class=\"wpcf7-form init\" aria-label=\"Kontaktskjema\" novalidate=\"novalidate\" data-status=\"init\">\n<div style=\"display: none;\">\n<input type=\"hidden\" name=\"_wpcf7\" value=\"834\" \/>\n<input type=\"hidden\" name=\"_wpcf7_version\" value=\"5.8\" \/>\n<input type=\"hidden\" name=\"_wpcf7_locale\" value=\"nb_NO\" \/>\n<input type=\"hidden\" name=\"_wpcf7_unit_tag\" value=\"wpcf7-f834-o1\" \/>\n<input type=\"hidden\" name=\"_wpcf7_container_post\" value=\"0\" \/>\n<input type=\"hidden\" name=\"_wpcf7_posted_data_hash\" value=\"\" \/>\n<input type=\"hidden\" name=\"_wpcf7_recaptcha_response\" value=\"\" \/>\n<\/div>\n<h2>F\u00e5 erbjudande!\n<\/h2>\n<h4>Fyll i formul\u00e4ret och vi kommer omg\u00e5ende att kontakta dig.\n<\/h4>\n<div class=\"row\">\n\t<div class=\"col-md-6  form-group\">\n\t\t<p><span class=\"wpcf7-form-control-wrap\" data-name=\"navn\"><input size=\"40\" class=\"wpcf7-form-control wpcf7-text wpcf7-validates-as-required\" aria-required=\"true\" aria-invalid=\"false\" placeholder=\"Namn*\" value=\"\" type=\"text\" name=\"navn\" \/><\/span>\n\t\t<\/p>\n\t<\/div>\n\t<div class=\"col-md-6 form-group\">\n\t\t<p><span class=\"wpcf7-form-control-wrap\" data-name=\"firma\"><input size=\"40\" class=\"wpcf7-form-control wpcf7-text wpcf7-validates-as-required\" aria-required=\"true\" aria-invalid=\"false\" placeholder=\"Verksamhet*\" value=\"\" type=\"text\" name=\"firma\" \/><\/span>\n\t\t<\/p>\n\t<\/div>\n\t<div class=\"col-md-6  form-group\">\n\t\t<p><span class=\"wpcf7-form-control-wrap\" data-name=\"epost\"><input size=\"40\" class=\"wpcf7-form-control wpcf7-email wpcf7-validates-as-required wpcf7-text wpcf7-validates-as-email\" aria-required=\"true\" aria-invalid=\"false\" placeholder=\"E-post*\" value=\"\" type=\"email\" name=\"epost\" \/><\/span>\n\t\t<\/p>\n\t<\/div>\n\t<div class=\"col-md-6 form-group\">\n\t\t<p><span class=\"wpcf7-form-control-wrap\" data-name=\"telefon\"><input size=\"40\" class=\"wpcf7-form-control wpcf7-text wpcf7-validates-as-required\" aria-required=\"true\" aria-invalid=\"false\" placeholder=\"Telefon*\" value=\"\" type=\"text\" name=\"telefon\" \/><\/span>\n\t\t<\/p>\n\t<\/div>\n\t<p><button class=\"button\" type=\"submit\">Skicka <\/button>\n\t<\/p>\n<\/div><div class=\"wpcf7-response-output\" aria-hidden=\"true\"><\/div>\n<\/form>\n<\/div>\n[\/vc_column_inner][\/vc_row_inner][\/vc_column][\/vc_row]<\/p>\n","protected":false},"excerpt":{"rendered":"<p>[vc_row][vc_column][vc_column_text el_class=&#8221;smallcontainer knapp&#8221;] F\u00f6rskolor N3zones \u00e4r ett fastmonterat mattsystem, vilket inneb\u00e4r skr\u00e4ddarsydda l\u00f6sningar. Systemet stoppar, kontrollerar och avl\u00e4gsnar smuts samt vatten redan [&hellip;]<\/p>\n","protected":false},"author":1,"featured_media":1310,"parent":809,"menu_order":0,"comment_status":"closed","ping_status":"closed","template":"","meta":{"_crosspost_to_1":false,"_crosspost_to_5":false,"_crosspost_to_15":false,"footnotes":""},"class_list":["post-813","page","type-page","status-publish","hentry"],"acf":[],"_links":{"self":[{"href":"https:\/\/n3.se\/n3zones\/wp-json\/wp\/v2\/pages\/813","targetHints":{"allow":["GET"]}}],"collection":[{"href":"https:\/\/n3.se\/n3zones\/wp-json\/wp\/v2\/pages"}],"about":[{"href":"https:\/\/n3.se\/n3zones\/wp-json\/wp\/v2\/types\/page"}],"author":[{"embeddable":true,"href":"https:\/\/n3.se\/n3zones\/wp-json\/wp\/v2\/users\/1"}],"replies":[{"embeddable":true,"href":"https:\/\/n3.se\/n3zones\/wp-json\/wp\/v2\/comments?post=813"}],"version-history":[{"count":0,"href":"https:\/\/n3.se\/n3zones\/wp-json\/wp\/v2\/pages\/813\/revisions"}],"up":[{"embeddable":true,"href":"https:\/\/n3.se\/n3zones\/wp-json\/wp\/v2\/pages\/809"}],"wp:featuredmedia":[{"embeddable":true,"href":"https:\/\/n3.se\/n3zones\/wp-json\/wp\/v2\/media\/1310"}],"wp:attachment":[{"href":"https:\/\/n3.se\/n3zones\/wp-json\/wp\/v2\/media?parent=813"}],"curies":[{"name":"wp","href":"https:\/\/api.w.org\/{rel}","templated":true}]}}