{"id":791,"date":"2017-05-10T12:11:13","date_gmt":"2017-05-10T10:11:13","guid":{"rendered":"http:\/\/168920-www.web.tornado-node.net\/renholdssoner\/hva-gjor-vi\/skisser-og-tilbud-2\/"},"modified":"2020-12-18T12:56:08","modified_gmt":"2020-12-18T11:56:08","slug":"ritningar-och-erbjudande","status":"publish","type":"page","link":"https:\/\/n3.se\/n3zones\/vad-gor-vi\/ritningar-och-erbjudande\/","title":{"rendered":"Ritningar och erbjudande"},"content":{"rendered":"<p>[vc_row el_class=&#8221;smallcontainer&#8221;][vc_column][vc_column_text]<\/p>\n<h1 style=\"text-align: center;\">Ritningar och erbjudande<\/h1>\n<h4>Vi utformar en digital ritning \u00f6ver den eller de entr\u00e9l\u00f6sningen som vi f\u00f6resl\u00e5r. Ritningen \u00e4r en del av offerten och \u00e4r att betrakta s\u00e5som N3s egendom till dess att offerten har accepterats. Offerten baseras p\u00e5 behovsanalysen, m\u00f6tet och besiktningen.<\/h4>\n<h3><\/h3>\n<p>[\/vc_column_text][\/vc_column][\/vc_row][vc_row css=&#8221;.vc_custom_1506509381093{padding-bottom: 70px !important;background-image: url(https:\/\/n3zonesgroup.se\/n3zones\/wp-content\/uploads\/sites\/7\/2017\/04\/tog_bakgrunn.png?id=406) !important;background-position: center !important;background-repeat: no-repeat !important;background-size: cover !important;}&#8221;][vc_column][vc_row_inner el_class=&#8221;container form bildeskjema&#8221;][vc_column_inner]\n<div class=\"wpcf7 no-js\" id=\"wpcf7-f834-o1\" lang=\"nb-NO\" dir=\"ltr\">\n<div class=\"screen-reader-response\"><p role=\"status\" aria-live=\"polite\" aria-atomic=\"true\"><\/p> <ul><\/ul><\/div>\n<form action=\"\/n3zones\/wp-json\/wp\/v2\/pages\/791#wpcf7-f834-o1\" method=\"post\" class=\"wpcf7-form init\" aria-label=\"Kontaktskjema\" novalidate=\"novalidate\" data-status=\"init\">\n<div style=\"display: none;\">\n<input type=\"hidden\" name=\"_wpcf7\" value=\"834\" \/>\n<input type=\"hidden\" name=\"_wpcf7_version\" value=\"5.8\" \/>\n<input type=\"hidden\" name=\"_wpcf7_locale\" value=\"nb_NO\" \/>\n<input type=\"hidden\" name=\"_wpcf7_unit_tag\" value=\"wpcf7-f834-o1\" \/>\n<input type=\"hidden\" name=\"_wpcf7_container_post\" value=\"0\" \/>\n<input type=\"hidden\" name=\"_wpcf7_posted_data_hash\" value=\"\" \/>\n<input type=\"hidden\" name=\"_wpcf7_recaptcha_response\" value=\"\" \/>\n<\/div>\n<h2>F\u00e5 erbjudande!\n<\/h2>\n<h4>Fyll i formul\u00e4ret och vi kommer omg\u00e5ende att kontakta dig.\n<\/h4>\n<div class=\"row\">\n\t<div class=\"col-md-6  form-group\">\n\t\t<p><span class=\"wpcf7-form-control-wrap\" data-name=\"navn\"><input size=\"40\" class=\"wpcf7-form-control wpcf7-text wpcf7-validates-as-required\" aria-required=\"true\" aria-invalid=\"false\" placeholder=\"Namn*\" value=\"\" type=\"text\" name=\"navn\" \/><\/span>\n\t\t<\/p>\n\t<\/div>\n\t<div class=\"col-md-6 form-group\">\n\t\t<p><span class=\"wpcf7-form-control-wrap\" data-name=\"firma\"><input size=\"40\" class=\"wpcf7-form-control wpcf7-text wpcf7-validates-as-required\" aria-required=\"true\" aria-invalid=\"false\" placeholder=\"Verksamhet*\" value=\"\" type=\"text\" name=\"firma\" \/><\/span>\n\t\t<\/p>\n\t<\/div>\n\t<div class=\"col-md-6  form-group\">\n\t\t<p><span class=\"wpcf7-form-control-wrap\" data-name=\"epost\"><input size=\"40\" class=\"wpcf7-form-control wpcf7-email wpcf7-validates-as-required wpcf7-text wpcf7-validates-as-email\" aria-required=\"true\" aria-invalid=\"false\" placeholder=\"E-post*\" value=\"\" type=\"email\" name=\"epost\" \/><\/span>\n\t\t<\/p>\n\t<\/div>\n\t<div class=\"col-md-6 form-group\">\n\t\t<p><span class=\"wpcf7-form-control-wrap\" data-name=\"telefon\"><input size=\"40\" class=\"wpcf7-form-control wpcf7-text wpcf7-validates-as-required\" aria-required=\"true\" aria-invalid=\"false\" placeholder=\"Telefon*\" value=\"\" type=\"text\" name=\"telefon\" \/><\/span>\n\t\t<\/p>\n\t<\/div>\n\t<p><button class=\"button\" type=\"submit\">Skicka <\/button>\n\t<\/p>\n<\/div><div class=\"wpcf7-response-output\" aria-hidden=\"true\"><\/div>\n<\/form>\n<\/div>\n[\/vc_column_inner][\/vc_row_inner][\/vc_column][\/vc_row]<\/p>\n","protected":false},"excerpt":{"rendered":"<p>[vc_row el_class=&#8221;smallcontainer&#8221;][vc_column][vc_column_text] Ritningar och erbjudande Vi utformar en digital ritning \u00f6ver den eller de entr\u00e9l\u00f6sningen som vi f\u00f6resl\u00e5r. Ritningen \u00e4r en del [&hellip;]<\/p>\n","protected":false},"author":1,"featured_media":0,"parent":785,"menu_order":2,"comment_status":"closed","ping_status":"closed","template":"ingen-header.php","meta":{"_crosspost_to_1":false,"_crosspost_to_5":false,"_crosspost_to_15":false,"footnotes":""},"class_list":["post-791","page","type-page","status-publish","hentry"],"acf":[],"_links":{"self":[{"href":"https:\/\/n3.se\/n3zones\/wp-json\/wp\/v2\/pages\/791","targetHints":{"allow":["GET"]}}],"collection":[{"href":"https:\/\/n3.se\/n3zones\/wp-json\/wp\/v2\/pages"}],"about":[{"href":"https:\/\/n3.se\/n3zones\/wp-json\/wp\/v2\/types\/page"}],"author":[{"embeddable":true,"href":"https:\/\/n3.se\/n3zones\/wp-json\/wp\/v2\/users\/1"}],"replies":[{"embeddable":true,"href":"https:\/\/n3.se\/n3zones\/wp-json\/wp\/v2\/comments?post=791"}],"version-history":[{"count":0,"href":"https:\/\/n3.se\/n3zones\/wp-json\/wp\/v2\/pages\/791\/revisions"}],"up":[{"embeddable":true,"href":"https:\/\/n3.se\/n3zones\/wp-json\/wp\/v2\/pages\/785"}],"wp:attachment":[{"href":"https:\/\/n3.se\/n3zones\/wp-json\/wp\/v2\/media?parent=791"}],"curies":[{"name":"wp","href":"https:\/\/api.w.org\/{rel}","templated":true}]}}