{"id":785,"date":"2017-05-10T12:07:21","date_gmt":"2017-05-10T10:07:17","guid":{"rendered":"http:\/\/168920-www.web.tornado-node.net\/renholdssoner\/hva-gjor-vi-3\/"},"modified":"2020-12-18T12:51:32","modified_gmt":"2020-12-18T11:51:32","slug":"vad-gor-vi","status":"publish","type":"page","link":"https:\/\/n3.se\/n3zones\/vad-gor-vi\/","title":{"rendered":"Vad g\u00f6r vi"},"content":{"rendered":"<p>[vc_row][vc_column][rev_slider_vc alias=&#8221;hva-gjor-vi-svenska&#8221;][\/vc_column][\/vc_row][vc_row el_class=&#8221;smallcontainer&#8221;][vc_column][vc_column_text el_class=&#8221;knapp&#8221;]<\/p>\n<h1 style=\"text-align: center;\">Vad g\u00f6r vi?<\/h1>\n<h4>N3 arbetar varje dag f\u00f6r att f\u00f6rhindra smuts och fukt fr\u00e5n att komma in i v\u00e5ra kunders lokaler. Vi har olika l\u00f6sningar f\u00f6r olika behov, men gemensamt f\u00f6r alla \u00e4r att de \u00e4r effektiva, kostnadsbesparande och skr\u00e4ddarsydda.<\/h4>\n<h3>Processen<\/h3>\n<h4>Eftersom alla ing\u00e5ngar och f\u00f6retag \u00e4r olika \u00e4r det viktigt att du f\u00e5r en l\u00f6sning som \u00e4r anpassad till just din byggnad. Det \u00e4r d\u00e4rf\u00f6r det f\u00f6rsta som h\u00e4nder \u00e4r att vi m\u00f6ter dig och uppt\u00e4cker vad dina unika behov \u00e4r, s\u00e5 att vi kan skapa en l\u00f6sning som g\u00f6r det du f\u00f6rv\u00e4ntar dig.<\/h4>\n<h4>Mattsystemet N3zones anv\u00e4nds idag i tusentals ing\u00e5ngar \u00f6ver hela Sverige och Norge. Kontakta oss f\u00f6r en fri besiktning!<\/h4>\n<p>&nbsp;<\/p>\n<p><a href=\"http:\/\/n3zonesgroup.se\/n3zones\/vad-gor-vi\/#erbjudande\">Ja, jag \u00f6nskar fri besiktning<\/a>[\/vc_column_text][vc_video link=&#8221;https:\/\/vimeo.com\/161387731&#8243;][\/vc_column][\/vc_row][vc_row el_class=&#8221;grey double-row&#8221;][vc_column el_class=&#8221;container&#8221;][vc_column_text]<\/p>\n<h2 style=\"text-align: center;\">V\u00e5ra produkter och tj\u00e4nster<\/h2>\n<p>[\/vc_column_text][vc_row_inner el_class=&#8221;container&#8221;][vc_column_inner width=&#8221;1\/3&#8243;][vc_column_text]<\/p>\n<ul>\n<li>\n<h4><a href=\"\/n3zones\/vad-gor-vi\/behovsanalys\/\">M\u00f6te och behovsanalys<\/a><\/h4>\n<\/li>\n<li>\n<h4><a href=\"https:\/\/n3zonesgroup.se\/n3zones\/vad-gor-vi\/besiktning\/\">Besiktning och utarbetande av l\u00f6sning<\/a><\/h4>\n<\/li>\n<li>\n<h4><a href=\"https:\/\/n3zonesgroup.se\/n3zones\/\">N3zones<\/a><\/h4>\n<\/li>\n<li>\n<h4><a href=\"https:\/\/n3zonesgroup.se\/n3zones\/n3-smart\/\">N3smart<\/a><\/h4>\n<\/li>\n<\/ul>\n<p>[\/vc_column_text][\/vc_column_inner][vc_column_inner width=&#8221;1\/3&#8243;][vc_column_text]<\/p>\n<ul>\n<li>\n<h4><a href=\"\/n3zones\/vad-gor-vi\/skisser-och-erbjudande\/\">Digitala skisser och erbjudande<\/a><\/h4>\n<\/li>\n<li>\n<h4><a href=\"\/n3zones\/vad-gor-vi\/installation\/\">Projektering, koordinering och installation<\/a><\/h4>\n<\/li>\n<li>\n<h4><a href=\"\/n3zones\/vad-gor-vi\/upplarning\/\">Uppl\u00e4rning<\/a><\/h4>\n<\/li>\n<\/ul>\n<p>[\/vc_column_text][\/vc_column_inner][vc_column_inner width=&#8221;1\/3&#8243;][vc_column_text]<\/p>\n<ul>\n<li>\n<h4><a href=\"\/n3zones\/vad-gor-vi\/radgivning\/\">R\u00e5dgivning<\/a><\/h4>\n<\/li>\n<li>\n<h4><a href=\"\/n3zones\/vad-gor-vi\/uppfolning-och-kundservice\/\">Uppf\u00f6ljning och kundservice<\/a><\/h4>\n<\/li>\n<\/ul>\n<p>[\/vc_column_text][\/vc_column_inner][\/vc_row_inner][vc_column_text el_id=&#8221;erbjudande&#8221; el_class=&#8221;anker&#8221;]Anker[\/vc_column_text][\/vc_column][\/vc_row][vc_row css=&#8221;.vc_custom_1592303962625{padding-bottom: 70px !important;background-image: url(https:\/\/n3zonesgroup.se\/n3zones\/wp-content\/uploads\/sites\/7\/2017\/05\/Skole_2-1.jpg?id=1306) !important;background-position: center !important;background-repeat: no-repeat !important;background-size: cover !important;}&#8221;][vc_column][vc_row_inner el_class=&#8221;container form bildeskjema&#8221;][vc_column_inner]\n<div class=\"wpcf7 no-js\" id=\"wpcf7-f833-o1\" lang=\"nb-NO\" dir=\"ltr\">\n<div class=\"screen-reader-response\"><p role=\"status\" aria-live=\"polite\" aria-atomic=\"true\"><\/p> <ul><\/ul><\/div>\n<form action=\"\/n3zones\/wp-json\/wp\/v2\/pages\/785#wpcf7-f833-o1\" method=\"post\" class=\"wpcf7-form init\" aria-label=\"Kontaktskjema\" novalidate=\"novalidate\" data-status=\"init\">\n<div style=\"display: none;\">\n<input type=\"hidden\" name=\"_wpcf7\" value=\"833\" \/>\n<input type=\"hidden\" name=\"_wpcf7_version\" value=\"5.8\" \/>\n<input type=\"hidden\" name=\"_wpcf7_locale\" value=\"nb_NO\" \/>\n<input type=\"hidden\" name=\"_wpcf7_unit_tag\" value=\"wpcf7-f833-o1\" \/>\n<input type=\"hidden\" name=\"_wpcf7_container_post\" value=\"0\" \/>\n<input type=\"hidden\" name=\"_wpcf7_posted_data_hash\" value=\"\" \/>\n<input type=\"hidden\" name=\"_wpcf7_recaptcha_response\" value=\"\" \/>\n<\/div>\n<h5>Ja, jag \u00f6nskar fri besiktning\n<\/h5>\n<p>Fyll i formul\u00e4ret och vi kontaktar dig. Du f\u00f6rpliktar dig inte till n\u00e5got k\u00f6p.\n<\/p>\n<div class=\"row\">\n\t<div class=\"col-md-12 form-group\">\n\t\t<p><span class=\"wpcf7-form-control-wrap\" data-name=\"navn\"><input size=\"40\" class=\"wpcf7-form-control wpcf7-text wpcf7-validates-as-required\" aria-required=\"true\" aria-invalid=\"false\" placeholder=\"Namn*\" value=\"\" type=\"text\" name=\"navn\" \/><\/span>\n\t\t<\/p>\n\t<\/div>\n\t<div class=\"col-md-12 form-group\">\n\t\t<p><span class=\"wpcf7-form-control-wrap\" data-name=\"firma\"><input size=\"40\" class=\"wpcf7-form-control wpcf7-text wpcf7-validates-as-required\" aria-required=\"true\" aria-invalid=\"false\" placeholder=\"Verksamhet*\" value=\"\" type=\"text\" name=\"firma\" \/><\/span>\n\t\t<\/p>\n\t<\/div>\n\t<div class=\"col-md-12  form-group\">\n\t\t<p><span class=\"wpcf7-form-control-wrap\" data-name=\"epost\"><input size=\"40\" class=\"wpcf7-form-control wpcf7-email wpcf7-validates-as-required wpcf7-text wpcf7-validates-as-email\" aria-required=\"true\" aria-invalid=\"false\" placeholder=\"E-post*\" value=\"\" type=\"email\" name=\"epost\" \/><\/span>\n\t\t<\/p>\n\t<\/div>\n\t<div class=\"col-md-12 form-group\">\n\t\t<p><span class=\"wpcf7-form-control-wrap\" data-name=\"telefon\"><input size=\"40\" class=\"wpcf7-form-control wpcf7-text wpcf7-validates-as-required\" aria-required=\"true\" aria-invalid=\"false\" placeholder=\"Telefon*\" value=\"\" type=\"text\" name=\"telefon\" \/><\/span>\n\t\t<\/p>\n\t<\/div>\n\t<p><button class=\"button\" type=\"submit\">Skicka <\/button>\n\t<\/p>\n<\/div><div class=\"wpcf7-response-output\" aria-hidden=\"true\"><\/div>\n<\/form>\n<\/div>\n[\/vc_column_inner][\/vc_row_inner][\/vc_column][\/vc_row]<\/p>\n","protected":false},"excerpt":{"rendered":"<p>[vc_row][vc_column][rev_slider_vc alias=&#8221;hva-gjor-vi-svenska&#8221;][\/vc_column][\/vc_row][vc_row el_class=&#8221;smallcontainer&#8221;][vc_column][vc_column_text el_class=&#8221;knapp&#8221;] Vad g\u00f6r vi? N3 arbetar varje dag f\u00f6r att f\u00f6rhindra smuts och fukt fr\u00e5n att komma in i [&hellip;]<\/p>\n","protected":false},"author":1,"featured_media":0,"parent":0,"menu_order":3,"comment_status":"closed","ping_status":"closed","template":"","meta":{"_crosspost_to_1":false,"_crosspost_to_5":false,"_crosspost_to_15":false,"footnotes":""},"class_list":["post-785","page","type-page","status-publish","hentry"],"acf":[],"_links":{"self":[{"href":"https:\/\/n3.se\/n3zones\/wp-json\/wp\/v2\/pages\/785","targetHints":{"allow":["GET"]}}],"collection":[{"href":"https:\/\/n3.se\/n3zones\/wp-json\/wp\/v2\/pages"}],"about":[{"href":"https:\/\/n3.se\/n3zones\/wp-json\/wp\/v2\/types\/page"}],"author":[{"embeddable":true,"href":"https:\/\/n3.se\/n3zones\/wp-json\/wp\/v2\/users\/1"}],"replies":[{"embeddable":true,"href":"https:\/\/n3.se\/n3zones\/wp-json\/wp\/v2\/comments?post=785"}],"version-history":[{"count":0,"href":"https:\/\/n3.se\/n3zones\/wp-json\/wp\/v2\/pages\/785\/revisions"}],"wp:attachment":[{"href":"https:\/\/n3.se\/n3zones\/wp-json\/wp\/v2\/media?parent=785"}],"curies":[{"name":"wp","href":"https:\/\/api.w.org\/{rel}","templated":true}]}}