{"id":637,"date":"2017-05-05T19:54:04","date_gmt":"2017-05-05T17:54:04","guid":{"rendered":"http:\/\/168920-www.web.tornado-node.net\/renholdssoner\/kundeservice-2\/"},"modified":"2021-11-17T15:58:50","modified_gmt":"2021-11-17T14:58:50","slug":"kundservice","status":"publish","type":"page","link":"https:\/\/n3.se\/n3zones\/kundservice\/","title":{"rendered":"Kundservice"},"content":{"rendered":"<p>[vc_row el_class=&#8221;smallcontainer&#8221;][vc_column][vc_column_text]<\/p>\n<h1 style=\"text-align: center;\">Kundservice<\/h1>\n<h4>Som kund hos N3 \u00e4r det ni som \u00e4r i fokus. V\u00e5rt m\u00e5l \u00e4r att du ska uppleva kvalitet i alla led, och att vi h\u00e5ller vad vi lovar! V\u00e4nligen kontakta oss om det finns n\u00e5gra fr\u00e5gor eller kontrollera listan \u00f6ver vanliga fr\u00e5gor nedan.<\/h4>\n<p>[\/vc_column_text][\/vc_column][\/vc_row][vc_row el_class=&#8221;kontakt_oss kundeservice&#8221;][vc_column width=&#8221;1\/2&#8243;][vc_single_image image=&#8221;988&#8243; img_size=&#8221;full&#8221; alignment=&#8221;right&#8221;][\/vc_column][vc_column width=&#8221;1\/2&#8243;][vc_column_text el_class=&#8221;circle&#8221;]<\/p>\n<h6 style=\"text-align: center;\">Vad kan vi<br \/>\ng\u00f6ra f\u00f6r dig?<\/h6>\n<h2 style=\"text-align: center;\">+47 02131<\/h2>\n<p style=\"text-align: center;\"><a href=\"mailto:kundservice@n3.se\">kundservice@n3.se<\/a><\/p>\n<p>[\/vc_column_text][\/vc_column][\/vc_row][vc_row el_class=&#8221;smallcontainer&#8221;][vc_column][vc_toggle title=&#8221;N3zones anv\u00e4ndarmanual&#8221; style=&#8221;round&#8221;]<a href=\"https:\/\/n3.se\/wp-content\/uploads\/sites\/7\/2021\/03\/Manual-for-N3zones-N3EVO-1.pdf\">Manual f\u00f6r N3zones N3EVO<\/a><\/p>\n<p><a href=\"https:\/\/n3.se\/wp-content\/uploads\/sites\/7\/2021\/03\/2023-Manual-for-N3zones-N3-SC.pdf\">Manual f\u00f6r N3zones N3 SC<\/a>[\/vc_toggle][vc_toggle title=&#8221;Smarta anvisningar f\u00f6r st\u00e4dpersonal&#8221; style=&#8221;round&#8221;]<\/p>\n<h3 class=\"p1\"><a href=\"https:\/\/www.n3manual.com\/sv\/\">www.N3manual.com<\/a><\/h3>\n<h3 class=\"p1\"><\/h3>\n<p>[\/vc_toggle][vc_toggle title=&#8221;F\u00e4rgprover&#8221; style=&#8221;round&#8221;]300 serien<\/p>\n<p><img loading=\"lazy\" decoding=\"async\" class=\"alignnone wp-image-1568 size-full\" src=\"https:\/\/n3zonesgroup.se\/n3zones\/wp-content\/uploads\/sites\/7\/2020\/03\/Fargepr\u00f8ver_300serien_SE.png\" alt=\"\" width=\"1180\" height=\"510\" srcset=\"https:\/\/n3.se\/wp-content\/uploads\/sites\/7\/2020\/03\/Fargepr\u00f8ver_300serien_SE.png 1180w, https:\/\/n3.se\/wp-content\/uploads\/sites\/7\/2020\/03\/Fargepr\u00f8ver_300serien_SE-300x130.png 300w, https:\/\/n3.se\/wp-content\/uploads\/sites\/7\/2020\/03\/Fargepr\u00f8ver_300serien_SE-1024x443.png 1024w, https:\/\/n3.se\/wp-content\/uploads\/sites\/7\/2020\/03\/Fargepr\u00f8ver_300serien_SE-768x332.png 768w\" sizes=\"auto, (max-width: 1180px) 100vw, 1180px\" \/><\/p>\n<p>600 serien<\/p>\n<p><img loading=\"lazy\" decoding=\"async\" class=\"alignnone wp-image-1569 size-full\" src=\"https:\/\/n3zonesgroup.se\/n3zones\/wp-content\/uploads\/sites\/7\/2020\/03\/Fargepr\u00f8ver_600serien_SE.png\" alt=\"\" width=\"1180\" height=\"510\" srcset=\"https:\/\/n3.se\/wp-content\/uploads\/sites\/7\/2020\/03\/Fargepr\u00f8ver_600serien_SE.png 1180w, https:\/\/n3.se\/wp-content\/uploads\/sites\/7\/2020\/03\/Fargepr\u00f8ver_600serien_SE-300x130.png 300w, https:\/\/n3.se\/wp-content\/uploads\/sites\/7\/2020\/03\/Fargepr\u00f8ver_600serien_SE-1024x443.png 1024w, https:\/\/n3.se\/wp-content\/uploads\/sites\/7\/2020\/03\/Fargepr\u00f8ver_600serien_SE-768x332.png 768w\" sizes=\"auto, (max-width: 1180px) 100vw, 1180px\" \/>[\/vc_toggle][vc_toggle title=&#8221;Provbok&#8221; style=&#8221;round&#8221;]H\u00e4r kan du ladda ner\u00a0<a href=\"https:\/\/n3zonesgroup.se\/n3zones\/wp-content\/uploads\/sites\/7\/2021\/03\/N3zones_provbok_web.pdf\">N3zones provbok<\/a>[\/vc_toggle][vc_toggle title=&#8221;Tekniska data&#8221; style=&#8221;round&#8221;]<\/p>\n<p id=\"tw-target-text\" class=\"tw-data-text tw-ta tw-text-medium\" dir=\"ltr\" data-placeholder=\"Oversettelse\"><span lang=\"sv\">H\u00e4r kan du ladda ner\u00a0<a href=\"https:\/\/n3zonesgroup.se\/n3zones\/wp-content\/uploads\/sites\/7\/2020\/03\/N3-Tekniska-data-300-och-600-serien.pdf\">Tekniska data<\/a><\/span><\/p>\n<p>[\/vc_toggle][vc_toggle title=&#8221;FAQ&#8221; style=&#8221;round&#8221; el_id=&#8221;faq&#8221;]<\/p>\n<h3>Helt\u00e4ckningsmatta? P\u00e5 en f\u00f6rskola? Det m\u00e5ste ju vara ohygieniskt och i v\u00e4rsta fall allergiframkallande?<\/h3>\n<p>N3zones \u00e4r inte en matta, utan ett mattsystem med alldeles s\u00e4rskilda egenskaper som \u00e4r utvecklat f\u00f6r att hindra s\u00e5 mycket smuts och vatten som m\u00f6jligt fr\u00e5n att komma in i f\u00f6rskolans uppeh\u00e5lls- och lekomr\u00e5den. N3zones har utvecklats i samarbete med norska Astma- och Allergif\u00f6rbundet och bidrar till att \u00f6ka livskvaliteten f\u00f6r m\u00e4nniskor med andningsbesv\u00e4r.<\/p>\n<h3>Samlas det inte mycket bakterier och s\u00e5dant i en s\u00e5dan h\u00e4r l\u00f6sning?<\/h3>\n<p>Eftersom produkten \u00e4r helt syntetisk och omfattar ett fullst\u00e4ndigt renh\u00e5llningsprogram har det aldrig p\u00e5visats n\u00e5gon tillv\u00e4xt av bakteriefloran i n3zonen. Vi rekommenderar \u00e4nd\u00e5 ett byte av n3zonene efter maximalt fem \u00e5r.<\/p>\n<h3>B\u00f6rjar det inte lukta efter ett tag?<\/h3>\n<p>Vi har aldrig f\u00e5tt \u00e5terkoppling om problem med \u00absur och v\u00e5t lukt\u00bb.<\/p>\n<h3>Men mattan m\u00e5ste bli v\u00e4ldigt bl\u00f6t? Barnen kommer f\u00e5 bl\u00f6ta f\u00f6tter \u2026<\/h3>\n<p>N3zonen blir inte v\u00e5t p\u00e5 samma s\u00e4tt som en \u201dvanlig\u201d matta. Detta beror p\u00e5 att brerna i mattan \u00e4r gjorda i polyamid. Polyamid \u00e4r ett helt syntetiskt material och absorberar d\u00e4rf\u00f6r inte vatten p\u00e5 samma s\u00e4tt som t.ex. bomull. F\u00f6rest\u00e4ll dig att du stoppar ner en nylontr\u00e5d i ett glas vatten, n\u00e4r du drar upp tr\u00e5den s\u00e5 f\u00f6ljer det inte med n\u00e5got vatten! D\u00e4rf\u00f6r sjunker det mesta av vattnet undan och hamnar p\u00e5 gummibel\u00e4gget i botten av mattan. Det inneb\u00e4r att barn kan g\u00e5 i strumpl\u00e4sten \u00f6ver en l\u00e4tt fuktig matta utan att f\u00e5 sina f\u00f6tter bl\u00f6ta. Barn \u00e4r l\u00e4tta och med deras tyngd kommer de inte ned i botten av n3zonen d\u00e4r fukten samlas.<\/p>\n<h3>Men vattnet d\u00e5? Blir den liggande kvar? M\u00e5ste vi skaffa vattendammsugare?<\/h3>\n<p>Polyamidtr\u00e5den absorberar inte vatten s\u00e5 som bomullstr\u00e5d g\u00f6r. N3zonen \u00e4r utformad p\u00e5 ett s\u00e5dant s\u00e4tt att den torkar fort i rumstemperatur.<\/p>\n<h3>Vart tar vattnet v\u00e4gen?<\/h3>\n<p>Det mesta avdunstar under eftermiddagen, kv\u00e4llen och natten. Om det finns v\u00e4rmegolv under n3zonen \u00e4r det bara bra d\u00e5 det p\u00e5skyndar avdunstningen.<\/p>\n<h3>Vad h\u00e4nder om det blir fl\u00e4ckar p\u00e5 n3zonen?<\/h3>\n<p>D\u00e5 \u00e4r det bara att ta bort fl\u00e4ckarna p\u00e5 det s\u00e4tt som du brukar med hj\u00e4lp av varmt vatten, m\u00f6jligen lite reng\u00f6ringsmedel och sedan en trasa, svamp alternativt borste. Se mer i anv\u00e4ndarmanualen f\u00f6r N3zones.<\/p>\n<h3>Vad h\u00e4nder om det kommer salt och sand d\u00e4r d\u00e5?<\/h3>\n<p>Vatten dunstar snabbt och smutsen l\u00e4gger sig i botten p\u00e5 N3zonen. Det tar man bort med hj\u00e4lp av den medf\u00f6ljande borstvallsdammsugare. Se anv\u00e4ndarmanualen.<\/p>\n<h3>Vad \u00e4r en N3zones borstvallsdammsugare?<\/h3>\n<p>En borstvallsdammsugare \u00e4r en kraftfull dammsugare som vanligtvis har dubbla motorer. En separat motor driver borsten i munstycket. Borsten djupreng\u00f6r n3zonen och f\u00e5ngar upp allt smuts. Det har gjorts m\u00e5nga tester p\u00e5 effektivitet mellan konventionella dammsugare och borstvallsdammsugare. Alla testresultat visar att borstvallsdammsugare \u00e4r upp till 70% mer effektiva \u00e4n konventionella dammsugare. Borstvallsdammsugare \u00e4r mer robusta och t\u00e5l en betydligt st\u00f6rre m\u00e4ngd smuts.<\/p>\n<h3>Kan vi ha N3zones p\u00e5 v\u00e4rmegolv?<\/h3>\n<p>Det g\u00e5r utm\u00e4rkt att l\u00e4gga N3zones p\u00e5 v\u00e4rmegolv. V\u00e4rmen p\u00e5skyndar avdunstning. N3zonen t\u00e5l att golvet v\u00e4rms upp till 30 grader Celsius. Vanliga v\u00e4rmegolv blir inte varmare \u00e4n s\u00e5.<\/p>\n<h3>G\u00e5r det bra att prova en av era entr\u00e9l\u00f6sningar?<\/h3>\n<p>Kontakta oss g\u00e4rna f\u00f6r ett samtal (se \u00f6versikten \u00f6ver v\u00e5ra avdelningar). Du kan ocks\u00e5 kontakta kundtj\u00e4nst p\u00e5:\u00a0telefon +47 02131 eller e-post: <a href=\"mailto:kundeservice@n3.no\">kundeservice@n3.no<\/a>[\/vc_toggle][vc_empty_space height=&#8221;50&#8243;][\/vc_column][\/vc_row][vc_row el_class=&#8221;form&#8221;][vc_column][vc_row_inner el_class=&#8221;container&#8221;][vc_column_inner]\n<div class=\"wpcf7 no-js\" id=\"wpcf7-f835-o1\" lang=\"nb-NO\" dir=\"ltr\">\n<div class=\"screen-reader-response\"><p role=\"status\" aria-live=\"polite\" aria-atomic=\"true\"><\/p> <ul><\/ul><\/div>\n<form action=\"\/n3zones\/wp-json\/wp\/v2\/pages\/637#wpcf7-f835-o1\" method=\"post\" class=\"wpcf7-form init\" aria-label=\"Kontaktskjema\" novalidate=\"novalidate\" data-status=\"init\">\n<div style=\"display: none;\">\n<input type=\"hidden\" name=\"_wpcf7\" value=\"835\" \/>\n<input type=\"hidden\" name=\"_wpcf7_version\" value=\"5.8\" \/>\n<input type=\"hidden\" name=\"_wpcf7_locale\" value=\"nb_NO\" \/>\n<input type=\"hidden\" name=\"_wpcf7_unit_tag\" value=\"wpcf7-f835-o1\" \/>\n<input type=\"hidden\" name=\"_wpcf7_container_post\" value=\"0\" \/>\n<input type=\"hidden\" name=\"_wpcf7_posted_data_hash\" value=\"\" \/>\n<input type=\"hidden\" name=\"_wpcf7_recaptcha_response\" value=\"\" \/>\n<\/div>\n<h2>Kontakta oss\n<\/h2>\n<div class=\"row\">\n\t<div class=\"col-md-6  form-group\">\n\t\t<p><span class=\"wpcf7-form-control-wrap\" data-name=\"navn\"><input size=\"40\" class=\"wpcf7-form-control wpcf7-text wpcf7-validates-as-required\" aria-required=\"true\" aria-invalid=\"false\" placeholder=\"Namn*\" value=\"\" type=\"text\" name=\"navn\" \/><\/span>\n\t\t<\/p>\n\t<\/div>\n\t<div class=\"col-md-6 form-group\">\n\t\t<p><span class=\"wpcf7-form-control-wrap\" data-name=\"telefon\"><input size=\"40\" class=\"wpcf7-form-control wpcf7-text wpcf7-validates-as-required\" aria-required=\"true\" aria-invalid=\"false\" placeholder=\"Telefon*\" value=\"\" type=\"text\" name=\"telefon\" \/><\/span>\n\t\t<\/p>\n\t<\/div>\n\t<div class=\"col-md-6  form-group\">\n\t\t<p><span class=\"wpcf7-form-control-wrap\" data-name=\"epost\"><input size=\"40\" class=\"wpcf7-form-control wpcf7-email wpcf7-validates-as-required wpcf7-text wpcf7-validates-as-email\" aria-required=\"true\" aria-invalid=\"false\" placeholder=\"E-post*\" value=\"\" type=\"email\" name=\"epost\" \/><\/span>\n\t\t<\/p>\n\t<\/div>\n\t<div class=\"col-md-6 form-group\">\n\t\t<p><span class=\"wpcf7-form-control-wrap\" data-name=\"Firma\"><input size=\"40\" class=\"wpcf7-form-control wpcf7-text wpcf7-validates-as-required\" aria-required=\"true\" aria-invalid=\"false\" placeholder=\"Verksamhet*\" value=\"\" type=\"text\" name=\"Firma\" \/><\/span>\n\t\t<\/p>\n\t<\/div>\n\t<div class=\"col-md-12 form-group\">\n\t\t<p><span class=\"wpcf7-form-control-wrap\" data-name=\"melding\"><textarea cols=\"40\" rows=\"10\" class=\"wpcf7-form-control wpcf7-textarea\" aria-invalid=\"false\" placeholder=\"Jag undrar...*\" name=\"melding\"><\/textarea><\/span>\n\t\t<\/p>\n\t<\/div>\n\t<div class=\"col-md-10 form-group\">\n\t\t<p><span class=\"wpcf7-form-control-wrap\" data-name=\"nyhetsbrev\"><span class=\"wpcf7-form-control wpcf7-checkbox\"><span class=\"wpcf7-list-item first last\"><input type=\"checkbox\" name=\"nyhetsbrev[]\" value=\"Jag \u00f6nskar nyhetsbrev och inbjudningar till seminarier fr\u00e5n N3.\" \/><span class=\"wpcf7-list-item-label\">Jag \u00f6nskar nyhetsbrev och inbjudningar till seminarier fr\u00e5n N3.<\/span><\/span><\/span><\/span>\n\t\t<\/p>\n\t<\/div>\n\t<div class=\"col-md-2 form-group\">\n\t\t<p><button class=\"button\" type=\"submit\">Skicka <\/button>\n\t\t<\/p>\n\t<\/div>\n<\/div><div class=\"wpcf7-response-output\" aria-hidden=\"true\"><\/div>\n<\/form>\n<\/div>\n[\/vc_column_inner][\/vc_row_inner][\/vc_column][\/vc_row]<\/p>\n","protected":false},"excerpt":{"rendered":"<p>[vc_row el_class=&#8221;smallcontainer&#8221;][vc_column][vc_column_text] Kundservice Som kund hos N3 \u00e4r det ni som \u00e4r i fokus. V\u00e5rt m\u00e5l \u00e4r att du ska uppleva kvalitet [&hellip;]<\/p>\n","protected":false},"author":1,"featured_media":0,"parent":0,"menu_order":7,"comment_status":"closed","ping_status":"closed","template":"ingen-header.php","meta":{"_crosspost_to_1":false,"_crosspost_to_5":false,"_crosspost_to_15":false,"footnotes":""},"class_list":["post-637","page","type-page","status-publish","hentry"],"acf":[],"_links":{"self":[{"href":"https:\/\/n3.se\/n3zones\/wp-json\/wp\/v2\/pages\/637","targetHints":{"allow":["GET"]}}],"collection":[{"href":"https:\/\/n3.se\/n3zones\/wp-json\/wp\/v2\/pages"}],"about":[{"href":"https:\/\/n3.se\/n3zones\/wp-json\/wp\/v2\/types\/page"}],"author":[{"embeddable":true,"href":"https:\/\/n3.se\/n3zones\/wp-json\/wp\/v2\/users\/1"}],"replies":[{"embeddable":true,"href":"https:\/\/n3.se\/n3zones\/wp-json\/wp\/v2\/comments?post=637"}],"version-history":[{"count":0,"href":"https:\/\/n3.se\/n3zones\/wp-json\/wp\/v2\/pages\/637\/revisions"}],"wp:attachment":[{"href":"https:\/\/n3.se\/n3zones\/wp-json\/wp\/v2\/media?parent=637"}],"curies":[{"name":"wp","href":"https:\/\/api.w.org\/{rel}","templated":true}]}}