{"id":1469,"date":"2019-05-16T13:46:23","date_gmt":"2019-05-16T11:46:23","guid":{"rendered":"https:\/\/n3zonesgroup.se\/n3zones\/?page_id=1469"},"modified":"2023-03-07T13:19:11","modified_gmt":"2023-03-07T12:19:11","slug":"n3-smart","status":"publish","type":"page","link":"https:\/\/n3.se\/n3zones\/n3-smart\/","title":{"rendered":"N3 smart"},"content":{"rendered":"<p>[vc_row el_class=&#8221;container topp&#8221;][vc_column][vc_column_text]<\/p>\n<h1 style=\"text-align: center;\">F\u00e5 ut mer och full \u00f6versikt av N3zones med N3smart<\/h1>\n<h5 style=\"text-align: center;\"><\/h5>\n<p>[\/vc_column_text][vc_column_text el_class=&#8221;smallcontainer&#8221;]<\/p>\n<h4>N3zones stoppar och kontrollerar upptill 93% av smuts och fukt som ger stora vinster, men:<\/h4>\n<ul>\n<li><span style=\"color: #000000;\">Vet\u00a0du med s\u00e4kerhet att N3zones blir rengjord och att underh\u00e5llet sk\u00f6ts som det skall varje dag?<\/span><\/li>\n<li><span style=\"color: #000000;\">Vet du om maskinen som tillh\u00f6r entr\u00e9systemet anv\u00e4nds och fungerar som den skall?<\/span><\/li>\n<\/ul>\n<p>Det \u00e4r l\u00e4tt att tappa \u00f6versikten \u00f6ver vad som \u00e4r utf\u00f6rt och vart! Allra helst om du ansvarar f\u00f6r m\u00e5nga fastigheter och entr\u00e9er. Om st\u00e4dningen inte utf\u00f6rs p\u00e5 r\u00e4tt s\u00e4tt blir b\u00e5de f\u00f6rsta intrycket och trivseln f\u00f6r alla som vistas i fastigheten klart s\u00e4mre! Blir inte entr\u00e9zonerna ordentligt rengjorda s\u00e5 bidrar de ocks\u00e5 till l\u00e4gre vinster \u00f6verlag.<\/p>\n<p>N3smart kommer att ansvara f\u00f6r att b\u00e5de driften och st\u00e4dningen av entr\u00e9zonerna kommer fungera som de skall! Genom ny digital IoT sensorteknologi skickas data direkt via 4G IoT smalband till v\u00e5r driftsportal som m\u00f6jligg\u00f6r kommunikation utan nya behov av t.ex. ny router, WiFi eller annan infrastruktur. Detta system kr\u00e4ver med andra ord inga extra \u00e5tg\u00e4rder f\u00f6r dig som kund![\/vc_column_text][\/vc_column][\/vc_row][vc_row el_class=&#8221;smallcontainer&#8221;][vc_column][\/vc_column][\/vc_row][vc_row equal_height=&#8221;yes&#8221; content_placement=&#8221;middle&#8221; el_class=&#8221;grey double-row&#8221; css=&#8221;.vc_custom_1557918221962{background-color: #ffffff !important;}&#8221;][vc_column][vc_row_inner el_class=&#8221;container&#8221;][vc_column_inner width=&#8221;1\/2&#8243;][vc_column_text]<\/p>\n<h2>Den intelligenta N3zones<\/h2>\n<p>[\/vc_column_text][vc_column_text]<\/p>\n<div class=\"\">\n<div class=\"\">\n<h4 class=\"\">Med N3smart f\u00e5r du ocks\u00e5 information om entr\u00e9zonen inte fungerar eller sk\u00f6ts som den skall! Det loggas ocks\u00e5 information om driftstid, var dammsugaren \u00e4r anv\u00e4nd. Smart, inte sant?<\/h4>\n<\/div>\n<\/div>\n<p>[\/vc_column_text][vc_column_text el_class=&#8221;knapp&#8221;]<a href=\"#meld-interesse\">F\u00e5 mer info<\/a>[\/vc_column_text][\/vc_column_inner][vc_column_inner width=&#8221;1\/2&#8243;][vc_single_image image=&#8221;1473&#8243; img_size=&#8221;full&#8221;][\/vc_column_inner][\/vc_row_inner][\/vc_column][\/vc_row][vc_row equal_height=&#8221;yes&#8221; content_placement=&#8221;middle&#8221; el_class=&#8221;grey double-row&#8221;][vc_column][vc_row_inner el_class=&#8221;container&#8221;][vc_column_inner width=&#8221;1\/2&#8243;][vc_single_image image=&#8221;1474&#8243; img_size=&#8221;full&#8221;][\/vc_column_inner][vc_column_inner width=&#8221;1\/2&#8243;][vc_column_text]<\/p>\n<h2>Kundservice jobbar f\u00f6r dig, s\u00e5 att du slipper!<\/h2>\n<p>[\/vc_column_text][vc_column_text]<\/p>\n<h4>V\u00e5r dedikerade kundservice \u00f6vervakar driftsportalen, fastigheten och entr\u00e9zonerna f\u00f6r dig. Detta hj\u00e4lper dig att s\u00e4kra driften och att st\u00e4dningen fungerar optimalt. Om n\u00e5got h\u00e4nt s\u00e5 uppf\u00f6ljning beh\u00f6vs kontaktar vi dig s\u00e5 att du kan anv\u00e4nda din tid till annat!<\/h4>\n<p>[\/vc_column_text][vc_column_text el_class=&#8221;knapp&#8221;]<a href=\"#meld-interesse\">F\u00e5 mer info<\/a>[\/vc_column_text][\/vc_column_inner][\/vc_row_inner][\/vc_column][\/vc_row][vc_row equal_height=&#8221;yes&#8221; content_placement=&#8221;middle&#8221; el_class=&#8221;grey double-row&#8221; css=&#8221;.vc_custom_1557918221962{background-color: #ffffff !important;}&#8221;][vc_column][vc_row_inner el_class=&#8221;container&#8221;][vc_column_inner width=&#8221;1\/2&#8243;][vc_column_text]<\/p>\n<h2>Enkel \u00f6versikt i din egen portal<\/h2>\n<p>[\/vc_column_text][vc_column_text]<\/p>\n<h4>Logga bara in i portalen och enkelt h\u00e4mta driftstid och plats! Antingen per fastighet eller N3EVO-maskin. Dessutom s\u00e5 om du \u00f6nskar kan vi s\u00e4nda \u00f6ver en m\u00e5nadsrapport till dig! I vilket fall s\u00e5 vet du att systemet fungerar och kan d\u00e5 nyttja din tid b\u00e4ttre.<\/h4>\n<p>[\/vc_column_text][vc_column_text el_class=&#8221;knapp&#8221;]<a href=\"#meld-interesse\">F\u00e5 mer info<\/a>[\/vc_column_text][\/vc_column_inner][vc_column_inner width=&#8221;1\/2&#8243;][vc_single_image image=&#8221;1475&#8243; img_size=&#8221;full&#8221;][\/vc_column_inner][\/vc_row_inner][\/vc_column][\/vc_row][vc_row el_class=&#8221;grey double-row&#8221;][vc_column][vc_column_text]<\/p>\n<h1 style=\"text-align: center;\">S\u00e5 fungerar det!<\/h1>\n<p>[\/vc_column_text][vc_single_image image=&#8221;1476&#8243; img_size=&#8221;full&#8221; alignment=&#8221;center&#8221; el_class=&#8221;container&#8221;][vc_row_inner el_class=&#8221;container&#8221;][vc_column_inner width=&#8221;1\/2&#8243;][vc_column_text]<\/p>\n<h3>1. Entr\u00e9zonen<\/h3>\n<h4>Genom en ioT-sensor monterat i N3Evo maskinen registrerar entr\u00e9zonen information om driftstid och plats.<\/h4>\n<p>[\/vc_column_text][vc_empty_space height=&#8221;30px&#8221;][vc_column_text]<\/p>\n<h3>2. Molnet\/Driftsportalen<\/h3>\n<h4>All information ifr\u00e5n entr\u00e9zonen samlas i molnet och s\u00e4ndes vidare till driftsportalen.<\/h4>\n<p>[\/vc_column_text][\/vc_column_inner][vc_column_inner width=&#8221;1\/2&#8243;][vc_column_text]<\/p>\n<h3>3. \u00d6vervakning\/Rapportering<\/h3>\n<h4>Kundservice \u00f6vervakar fastighet och entr\u00e9zoner f\u00f6r dig via driftsportalen. Vi kontaktar dig om n\u00e5got beh\u00f6vs f\u00f6ljas upp.<\/h4>\n<p>[\/vc_column_text][vc_empty_space height=&#8221;30px&#8221;][vc_column_text]<\/p>\n<h3>4. Enklare vardag f\u00f6r dig<\/h3>\n<h4>Du som kund kan sj\u00e4lv logga in och f\u00f6lja med i driftsportalen eller f\u00e5 m\u00e5nadsrapporter ifr\u00e5n oss. Du v\u00e4ljer sj\u00e4lv!<\/h4>\n<p>[\/vc_column_text][\/vc_column_inner][\/vc_row_inner][\/vc_column][\/vc_row][vc_row el_id=&#8221;meld-interesse&#8221; el_class=&#8221;form&#8221;][vc_column][vc_row_inner el_class=&#8221;container&#8221;][vc_column_inner]\n<div class=\"wpcf7 no-js\" id=\"wpcf7-f1491-o1\" lang=\"nb-NO\" dir=\"ltr\">\n<div class=\"screen-reader-response\"><p role=\"status\" aria-live=\"polite\" aria-atomic=\"true\"><\/p> <ul><\/ul><\/div>\n<form action=\"\/n3zones\/wp-json\/wp\/v2\/pages\/1469#wpcf7-f1491-o1\" method=\"post\" class=\"wpcf7-form init\" aria-label=\"Kontaktskjema\" novalidate=\"novalidate\" data-status=\"init\">\n<div style=\"display: none;\">\n<input type=\"hidden\" name=\"_wpcf7\" value=\"1491\" \/>\n<input type=\"hidden\" name=\"_wpcf7_version\" value=\"5.8\" \/>\n<input type=\"hidden\" name=\"_wpcf7_locale\" value=\"nb_NO\" \/>\n<input type=\"hidden\" name=\"_wpcf7_unit_tag\" value=\"wpcf7-f1491-o1\" \/>\n<input type=\"hidden\" name=\"_wpcf7_container_post\" value=\"0\" \/>\n<input type=\"hidden\" name=\"_wpcf7_posted_data_hash\" value=\"\" \/>\n<input type=\"hidden\" name=\"_wpcf7_recaptcha_response\" value=\"\" \/>\n<\/div>\n<h2>Anm\u00e4l ditt intresse!\n<\/h2>\n<h4>\u00d6nskar du mer information eller vill delta p\u00e5 v\u00e5ra webinarer om N3smart s\u00e5 fyll i dina kontaktuppgifter och skicka in!\n<\/h4>\n<div class=\"row\">\n\t<div class=\"col-md-6  form-group\">\n\t\t<p><span class=\"wpcf7-form-control-wrap\" data-name=\"navn\"><input size=\"40\" class=\"wpcf7-form-control wpcf7-text wpcf7-validates-as-required\" aria-required=\"true\" aria-invalid=\"false\" placeholder=\"Namn*\" value=\"\" type=\"text\" name=\"navn\" \/><\/span>\n\t\t<\/p>\n\t<\/div>\n\t<div class=\"col-md-6 form-group\">\n\t\t<p><span class=\"wpcf7-form-control-wrap\" data-name=\"telefon\"><input size=\"40\" minlength=\"8\" class=\"wpcf7-form-control wpcf7-tel wpcf7-validates-as-required wpcf7-text wpcf7-validates-as-tel\" aria-required=\"true\" aria-invalid=\"false\" placeholder=\"Telefon*\" value=\"\" type=\"tel\" name=\"telefon\" \/><\/span>\n\t\t<\/p>\n\t<\/div>\n\t<div class=\"col-md-6  form-group\">\n\t\t<p><span class=\"wpcf7-form-control-wrap\" data-name=\"epost\"><input size=\"40\" class=\"wpcf7-form-control wpcf7-email wpcf7-validates-as-required wpcf7-text wpcf7-validates-as-email\" aria-required=\"true\" aria-invalid=\"false\" placeholder=\"E-post*\" value=\"\" type=\"email\" name=\"epost\" \/><\/span>\n\t\t<\/p>\n\t<\/div>\n\t<div class=\"col-md-6 form-group\">\n\t\t<p><span class=\"wpcf7-form-control-wrap\" data-name=\"Firma\"><input size=\"40\" class=\"wpcf7-form-control wpcf7-text wpcf7-validates-as-required\" aria-required=\"true\" aria-invalid=\"false\" placeholder=\"Verksamhet*\" value=\"\" type=\"text\" name=\"Firma\" \/><\/span>\n\t\t<\/p>\n\t<\/div>\n\t<div class=\"col-md-10 form-group\">\n\t\t<p><span class=\"wpcf7-form-control-wrap\" data-name=\"nyhetsbrev\"><span class=\"wpcf7-form-control wpcf7-checkbox\"><span class=\"wpcf7-list-item first last\"><input type=\"checkbox\" name=\"nyhetsbrev[]\" value=\"Jeg \u00f6nskar f\u00e5 nyhetsbrev p\u00e5 mail.\" \/><span class=\"wpcf7-list-item-label\">Jeg \u00f6nskar f\u00e5 nyhetsbrev p\u00e5 mail.<\/span><\/span><\/span><\/span>\n\t\t<\/p>\n\t<\/div>\n\t<div class=\"col-md-2 form-group\">\n\t\t<p><button class=\"button\" type=\"submit\">Skicka <\/button>\n\t\t<\/p>\n\t<\/div>\n<\/div><div class=\"wpcf7-response-output\" aria-hidden=\"true\"><\/div>\n<\/form>\n<\/div>\n[\/vc_column_inner][\/vc_row_inner][\/vc_column][\/vc_row]<\/p>\n","protected":false},"excerpt":{"rendered":"<p>[vc_row el_class=&#8221;container topp&#8221;][vc_column][vc_column_text] F\u00e5 ut mer och full \u00f6versikt av N3zones med N3smart [\/vc_column_text][vc_column_text el_class=&#8221;smallcontainer&#8221;] N3zones stoppar och kontrollerar upptill 93% av [&hellip;]<\/p>\n","protected":false},"author":1,"featured_media":1477,"parent":0,"menu_order":0,"comment_status":"closed","ping_status":"closed","template":"kampanjemal.php","meta":{"_crosspost_to_1":false,"_crosspost_to_5":false,"_crosspost_to_15":false,"footnotes":""},"class_list":["post-1469","page","type-page","status-publish","hentry"],"acf":[],"_links":{"self":[{"href":"https:\/\/n3.se\/n3zones\/wp-json\/wp\/v2\/pages\/1469","targetHints":{"allow":["GET"]}}],"collection":[{"href":"https:\/\/n3.se\/n3zones\/wp-json\/wp\/v2\/pages"}],"about":[{"href":"https:\/\/n3.se\/n3zones\/wp-json\/wp\/v2\/types\/page"}],"author":[{"embeddable":true,"href":"https:\/\/n3.se\/n3zones\/wp-json\/wp\/v2\/users\/1"}],"replies":[{"embeddable":true,"href":"https:\/\/n3.se\/n3zones\/wp-json\/wp\/v2\/comments?post=1469"}],"version-history":[{"count":0,"href":"https:\/\/n3.se\/n3zones\/wp-json\/wp\/v2\/pages\/1469\/revisions"}],"wp:featuredmedia":[{"embeddable":true,"href":"https:\/\/n3.se\/n3zones\/wp-json\/wp\/v2\/media\/1477"}],"wp:attachment":[{"href":"https:\/\/n3.se\/n3zones\/wp-json\/wp\/v2\/media?parent=1469"}],"curies":[{"name":"wp","href":"https:\/\/api.w.org\/{rel}","templated":true}]}}