{"id":1056,"date":"2017-05-11T17:42:15","date_gmt":"2017-05-11T15:42:15","guid":{"rendered":"http:\/\/168920-www.web.tornado-node.net\/renholdssoner\/?page_id=1056"},"modified":"2020-10-07T11:35:26","modified_gmt":"2020-10-07T09:35:26","slug":"radgivning","status":"publish","type":"page","link":"https:\/\/n3.se\/n3zones\/vad-gor-vi\/radgivning\/","title":{"rendered":"R\u00e5dgivning"},"content":{"rendered":"<p>[vc_row el_class=&#8221;smallcontainer&#8221;][vc_column][vc_column_text]<\/p>\n<h1 style=\"text-align: center;\">R\u00e5dgivning<\/h1>\n<h4>Genom att hindra smuts fr\u00e5n att komma in i en byggnad kommer graden av smuts och fukt samt dammt\u00e4ckningsgraden att minska och det blir d\u00e4rmed m\u00f6jligt att minska driftskostnaderna f\u00f6r fastigheten eller att \u00f6ka effektiviteten.<\/h4>\n<h3>Vad vi g\u00f6r<\/h3>\n<p>Vi kan med v\u00e5ra unika verktyg g\u00f6ra bed\u00f6mningar av st\u00e4dkostnaderna i samband med f\u00f6re- och eftersituationer. Under de statusm\u00f6ten som vi har med v\u00e5ra kunder under hyresperioden g\u00e5r vi igenom kundens upplevelse i f\u00f6rh\u00e5llande till de f\u00f6rv\u00e4ntningar som de hade d\u00e5 beslutet fattades. I dessa m\u00f6ten g\u00e5r vi igenom kundernas \u00e5tg\u00e4rder f\u00f6r att s\u00e4kerst\u00e4lla att de f\u00e5r ut milj\u00f6, h\u00e4lsa eller ekonomiska vinster samt vilka resultat dessa har gett. \u00c5tg\u00e4rderna ska skapa v\u00e4rde \u00e5t kunden under l\u00e5ng tid. V\u00e5ra kunder upplever att detta ger stora ekonomiska besparingar. I de flesta fall \u00f6kar den upplevda kvaliteten p\u00e5 st\u00e4dningen efter installationen av N3zones, trots att man kunnat minska den totala st\u00e4dkostnaden.[\/vc_column_text][\/vc_column][\/vc_row][vc_row css=&#8221;.vc_custom_1506509332241{padding-bottom: 70px !important;background-image: url(https:\/\/n3zonesgroup.se\/n3zones\/wp-content\/uploads\/sites\/7\/2017\/04\/tog_bakgrunn.png?id=406) !important;background-position: center !important;background-repeat: no-repeat !important;background-size: cover !important;}&#8221;][vc_column][vc_row_inner el_class=&#8221;container form bildeskjema&#8221;][vc_column_inner]\n<div class=\"wpcf7 no-js\" id=\"wpcf7-f834-o1\" lang=\"nb-NO\" dir=\"ltr\">\n<div class=\"screen-reader-response\"><p role=\"status\" aria-live=\"polite\" aria-atomic=\"true\"><\/p> <ul><\/ul><\/div>\n<form action=\"\/n3zones\/wp-json\/wp\/v2\/pages\/1056#wpcf7-f834-o1\" method=\"post\" class=\"wpcf7-form init\" aria-label=\"Kontaktskjema\" novalidate=\"novalidate\" data-status=\"init\">\n<div style=\"display: none;\">\n<input type=\"hidden\" name=\"_wpcf7\" value=\"834\" \/>\n<input type=\"hidden\" name=\"_wpcf7_version\" value=\"5.8\" \/>\n<input type=\"hidden\" name=\"_wpcf7_locale\" value=\"nb_NO\" \/>\n<input type=\"hidden\" name=\"_wpcf7_unit_tag\" value=\"wpcf7-f834-o1\" \/>\n<input type=\"hidden\" name=\"_wpcf7_container_post\" value=\"0\" \/>\n<input type=\"hidden\" name=\"_wpcf7_posted_data_hash\" value=\"\" \/>\n<input type=\"hidden\" name=\"_wpcf7_recaptcha_response\" value=\"\" \/>\n<\/div>\n<h2>F\u00e5 erbjudande!\n<\/h2>\n<h4>Fyll i formul\u00e4ret och vi kommer omg\u00e5ende att kontakta dig.\n<\/h4>\n<div class=\"row\">\n\t<div class=\"col-md-6  form-group\">\n\t\t<p><span class=\"wpcf7-form-control-wrap\" data-name=\"navn\"><input size=\"40\" class=\"wpcf7-form-control wpcf7-text wpcf7-validates-as-required\" aria-required=\"true\" aria-invalid=\"false\" placeholder=\"Namn*\" value=\"\" type=\"text\" name=\"navn\" \/><\/span>\n\t\t<\/p>\n\t<\/div>\n\t<div class=\"col-md-6 form-group\">\n\t\t<p><span class=\"wpcf7-form-control-wrap\" data-name=\"firma\"><input size=\"40\" class=\"wpcf7-form-control wpcf7-text wpcf7-validates-as-required\" aria-required=\"true\" aria-invalid=\"false\" placeholder=\"Verksamhet*\" value=\"\" type=\"text\" name=\"firma\" \/><\/span>\n\t\t<\/p>\n\t<\/div>\n\t<div class=\"col-md-6  form-group\">\n\t\t<p><span class=\"wpcf7-form-control-wrap\" data-name=\"epost\"><input size=\"40\" class=\"wpcf7-form-control wpcf7-email wpcf7-validates-as-required wpcf7-text wpcf7-validates-as-email\" aria-required=\"true\" aria-invalid=\"false\" placeholder=\"E-post*\" value=\"\" type=\"email\" name=\"epost\" \/><\/span>\n\t\t<\/p>\n\t<\/div>\n\t<div class=\"col-md-6 form-group\">\n\t\t<p><span class=\"wpcf7-form-control-wrap\" data-name=\"telefon\"><input size=\"40\" class=\"wpcf7-form-control wpcf7-text wpcf7-validates-as-required\" aria-required=\"true\" aria-invalid=\"false\" placeholder=\"Telefon*\" value=\"\" type=\"text\" name=\"telefon\" \/><\/span>\n\t\t<\/p>\n\t<\/div>\n\t<p><button class=\"button\" type=\"submit\">Skicka <\/button>\n\t<\/p>\n<\/div><div class=\"wpcf7-response-output\" aria-hidden=\"true\"><\/div>\n<\/form>\n<\/div>\n[\/vc_column_inner][\/vc_row_inner][\/vc_column][\/vc_row]<\/p>\n","protected":false},"excerpt":{"rendered":"<p>[vc_row el_class=&#8221;smallcontainer&#8221;][vc_column][vc_column_text] R\u00e5dgivning Genom att hindra smuts fr\u00e5n att komma in i en byggnad kommer graden av smuts och fukt samt dammt\u00e4ckningsgraden [&hellip;]<\/p>\n","protected":false},"author":1,"featured_media":0,"parent":785,"menu_order":0,"comment_status":"closed","ping_status":"closed","template":"ingen-header.php","meta":{"_crosspost_to_1":false,"_crosspost_to_5":false,"_crosspost_to_15":false,"footnotes":""},"class_list":["post-1056","page","type-page","status-publish","hentry"],"acf":[],"_links":{"self":[{"href":"https:\/\/n3.se\/n3zones\/wp-json\/wp\/v2\/pages\/1056","targetHints":{"allow":["GET"]}}],"collection":[{"href":"https:\/\/n3.se\/n3zones\/wp-json\/wp\/v2\/pages"}],"about":[{"href":"https:\/\/n3.se\/n3zones\/wp-json\/wp\/v2\/types\/page"}],"author":[{"embeddable":true,"href":"https:\/\/n3.se\/n3zones\/wp-json\/wp\/v2\/users\/1"}],"replies":[{"embeddable":true,"href":"https:\/\/n3.se\/n3zones\/wp-json\/wp\/v2\/comments?post=1056"}],"version-history":[{"count":0,"href":"https:\/\/n3.se\/n3zones\/wp-json\/wp\/v2\/pages\/1056\/revisions"}],"up":[{"embeddable":true,"href":"https:\/\/n3.se\/n3zones\/wp-json\/wp\/v2\/pages\/785"}],"wp:attachment":[{"href":"https:\/\/n3.se\/n3zones\/wp-json\/wp\/v2\/media?parent=1056"}],"curies":[{"name":"wp","href":"https:\/\/api.w.org\/{rel}","templated":true}]}}